{"id":80818,"date":"2022-11-23T08:49:57","date_gmt":"2022-11-23T07:49:57","guid":{"rendered":"https:\/\/onlinelotto365.com\/?page_id=80818"},"modified":"2022-11-23T08:49:57","modified_gmt":"2022-11-23T07:49:57","slug":"omur-boyu-set","status":"publish","type":"page","link":"https:\/\/onlinelotto365.com\/tr\/kazanan-numaralar\/omur-boyu-set\/","title":{"rendered":"Set for life \u00e7ekili\u015finin sonu\u00e7lar\u0131"},"content":{"rendered":"<p>Uluslararas\u0131 piyango oyunlar\u0131 \u00e7ok e\u011flenceli olabilir, ancak kazanan numaralar\u0131 bulmak i\u00e7in biraz \u00e7aba sarf etmek gerekir. Set for Life i\u00e7in numaralar yerel gazetenizde bulunmayabilir. Bunun nedeni do\u011fru b\u00f6lgede olmaman\u0131z olabilir.<br \/>\n<a href=\"https:\/\/redfoxlotto.com\/play\/set-for-life-uk\/?ref=a8564250a2&amp;medium=ol365\" target=\"_blank\" rel=\"noopener noreferrer\"><img decoding=\"async\" class=\"aligncenter\" src=\"https:\/\/redfoxlotto.com\/image?size=8&amp;lottery=set-for-life-uk\" alt=\"\u00f6m\u00fcr boyu set\" \/><\/a><br \/>\nAyn\u0131 \u015fey sonu\u00e7lar\u0131 televizyondan izlemek i\u00e7in de ge\u00e7erlidir. E\u011fer do\u011fru b\u00f6lgede de\u011filseniz, sonu\u00e7lar\u0131 g\u00f6steren bir kanal bulmak i\u00e7in \u00e7ok fazla arama yapman\u0131z gerekecektir.<br \/>\nKazanan numaralar i\u00e7in canl\u0131 yay\u0131n yap\u0131p yapmad\u0131klar\u0131n\u0131 g\u00f6rmek i\u00e7in resmi Set for Life web sitesine de bakabilirsiniz. E\u011fer varsa bunu kontrol etmek isteyebilirsiniz \u00e7\u00fcnk\u00fc \u00e7ekili\u015fi canl\u0131 izlemek en heyecan verici se\u00e7eneklerden biridir. \u00d6te yandan, her piyango oyunu bu se\u00e7ene\u011fi sunmaz ve bulamayabilirsiniz.<\/p>\n<p>Bak\u0131lacak ba\u015fka bir yer de YouTube&#8217;dur. Bazen \u00e7ekili\u015f ger\u00e7ekle\u015ftikten sonra orada \u00e7ekili\u015f videolar\u0131 bulabilir ve kazanan numaralar\u0131 bulabilirsiniz.<\/p>\n<p>Set for Life i\u00e7in kazanan numaralar\u0131 bulman\u0131n en uygun yolu web sitemize gitmektir. Elimizdeki t\u00fcm oyunlar i\u00e7in t\u00fcm kazanan numaralara sahibiz. B\u00f6ylece Set for Life ve \u00e7ok daha fazlas\u0131n\u0131 bulabilirsiniz.<\/p>\n<h2>Online biletinizin kazan\u0131p kazanmad\u0131\u011f\u0131n\u0131 nas\u0131l \u00f6\u011frenebilirsiniz?<\/h2>\n<p>Set for Life i\u00e7in bizimle daha \u00f6nce bilet sat\u0131n ald\u0131ysan\u0131z durum daha da iyi. \u00c7\u00fcnk\u00fc sahip oldu\u011funuz biletleri kontrol etmeyi daha da kolayla\u015ft\u0131r\u0131yoruz. T\u00fcm biletlerinizin kay\u0131tl\u0131 oldu\u011fu sayfay\u0131 kontrol edebilir ve yaln\u0131zca bilet numaralar\u0131n\u0131z\u0131 de\u011fil, kazanan biletin numaralar\u0131n\u0131 da bulabilirsiniz. Hatta hangi numaralar\u0131n e\u015fle\u015fti\u011fini renklerle kodlayarak size bildirece\u011fiz. Bu \u015fekilde se\u00e7eneklere kendiniz bakmak zorunda bile kalmazs\u0131n\u0131z. Kazanan miktar 2500 \u20ac&#8217;nun alt\u0131ndaysa endi\u015felenmenize gerek yok \u00e7\u00fcnk\u00fc paray\u0131 hemen hesab\u0131n\u0131za yat\u0131raca\u011f\u0131z.<\/p>\n<h2>Ya\u015fam i\u00e7in ayarlanm\u0131\u015f sonu\u00e7 ar\u015fivi<\/h2>\n<p>Set for Life i\u00e7in eski say\u0131lara bakmak isteyenler bunu kolayca yapabilir. En son sonu\u00e7lar\u0131n oldu\u011fu her yerde ar\u015fiv numaralar\u0131m\u0131z mevcuttur. Bu \u015fekilde en \u00e7ok hangi numaralar\u0131n \u00e7ekildi\u011fini ve hangilerinin ba\u015fka bir \u00e7ekili\u015f i\u00e7in zaman\u0131 gelmi\u015f olabilece\u011fini g\u00f6rebilirsiniz.<\/p>\n<h2>Biletim kazand\u0131, sonra ne olacak?<\/h2>\n<p>Set for Life ile loto biletinizde kazan\u0131rsan\u0131z tek yapman\u0131z gereken beklemek ve ne olaca\u011f\u0131n\u0131 g\u00f6rmektir. \u00c7\u00fcnk\u00fc \u00e7o\u011fu \u015feyi sizin i\u00e7in biz halledece\u011fiz. Kazanan numaralar do\u011frulan\u0131r do\u011frulanmaz hemen hesab\u0131n\u0131za yat\u0131raca\u011f\u0131m\u0131z i\u00e7in 2500 \u20ac&#8217;dan az olan herhangi bir tutar\u0131 bekleyebilirsiniz.<br \/>\n<img loading=\"lazy\" decoding=\"async\" class=\"alignright wp-image-3543\" src=\"https:\/\/onlinelotto365.com\/wp-content\/uploads\/2020\/11\/online_lottery-3-300x300.jpg\" alt=\"hayat boyu kazanan numaralar\" width=\"187\" height=\"187\" srcset=\"https:\/\/onlinelotto365.com\/wp-content\/uploads\/2020\/11\/online_lottery-3-300x300.jpg 300w, https:\/\/onlinelotto365.com\/wp-content\/uploads\/2020\/11\/online_lottery-3-100x100.jpg 100w, https:\/\/onlinelotto365.com\/wp-content\/uploads\/2020\/11\/online_lottery-3-150x150.jpg 150w, https:\/\/onlinelotto365.com\/wp-content\/uploads\/2020\/11\/online_lottery-3.jpg 320w\" sizes=\"auto, (max-width: 187px) 100vw, 187px\" \/><br \/>\nArd\u0131ndan, hesab\u0131n\u0131zda en az 10 \u20ac varsa, paran\u0131z\u0131 banka hesab\u0131n\u0131za \u00e7ekme se\u00e7ene\u011fine sahip olacaks\u0131n\u0131z. Tek yapman\u0131z gereken, sistemimizde daha \u00f6nce kulland\u0131\u011f\u0131n\u0131z bir hesab\u0131 kulland\u0131\u011f\u0131n\u0131zdan emin olmakt\u0131r. Ayr\u0131ca \u00f6deme i\u015flemcimiz i\u00e7in kimli\u011finizi ve bilgilerinizi do\u011frulaman\u0131z gerekecektir. Bu, sadece birka\u00e7 formla yap\u0131labilecek basit bir i\u015flemdir ve siz fark\u0131na bile varmadan paran\u0131z kullan\u0131labilir hale gelecektir.<\/p>\n","protected":false},"excerpt":{"rendered":"<p>Uluslararas\u0131 piyango oyunlar\u0131 \u00e7ok e\u011flenceli olabilir, ancak kazanan numaralar\u0131 bulmak i\u00e7in biraz \u00e7aba sarf etmek gerekir. Set for Life i\u00e7in numaralar yerel gazetenizde bulunmayabilir. Bunun nedeni do\u011fru b\u00f6lgede olmaman\u0131z olabilir. Ayn\u0131 \u015fey sonu\u00e7lar\u0131 televizyondan izlemek i\u00e7in de ge\u00e7erlidir. E\u011fer do\u011fru b\u00f6lgede de\u011filseniz, sonu\u00e7lar\u0131 g\u00f6steren bir kanal bulmak i\u00e7in \u00e7ok fazla arama yapman\u0131z gerekecektir. Kazanan numaralar [&hellip;]<\/p>\n","protected":false},"author":1,"featured_media":0,"parent":5871,"menu_order":10,"comment_status":"closed","ping_status":"closed","template":"set-for-life-results.php","meta":{"_et_pb_use_builder":"","_et_pb_old_content":"","_et_gb_content_width":"","exclude_from_search":false,"footnotes":""},"class_list":["post-80818","page","type-page","status-publish","hentry"],"yoast_head":"<!-- This site is optimized with the Yoast SEO plugin v23.4 - https:\/\/yoast.com\/wordpress\/plugins\/seo\/ -->\n<title>Set for life i\u00e7in en son kazanan numaralar ve \u00f6demeler<\/title>\n<meta name=\"description\" content=\"Set for life piyangosunu oynad\u0131n\u0131z m\u0131? En son ve ge\u00e7mi\u015f kazanan numaralar bizde\" \/>\n<meta name=\"robots\" content=\"index, follow, max-snippet:-1, max-image-preview:large, max-video-preview:-1\" \/>\n<link rel=\"canonical\" href=\"https:\/\/onlinelotto365.com\/tr\/kazanan-numaralar\/omur-boyu-set\/\" \/>\n<meta property=\"og:locale\" content=\"tr_TR\" \/>\n<meta property=\"og:type\" content=\"article\" \/>\n<meta property=\"og:title\" content=\"Set for life i\u00e7in en son kazanan numaralar ve \u00f6demeler\" \/>\n<meta property=\"og:description\" content=\"Set for life piyangosunu oynad\u0131n\u0131z m\u0131? En son ve ge\u00e7mi\u015f kazanan numaralar bizde\" \/>\n<meta property=\"og:url\" content=\"https:\/\/onlinelotto365.com\/tr\/kazanan-numaralar\/omur-boyu-set\/\" \/>\n<meta property=\"og:site_name\" content=\"OnlineLotto365\" \/>\n<meta property=\"og:image\" content=\"https:\/\/redfoxlotto.com\/image?size=8&amp;lottery=set-for-life-uk\" \/>\n<meta name=\"twitter:card\" content=\"summary_large_image\" \/>\n<meta name=\"twitter:label1\" content=\"Tahmini okuma s\u00fcresi\" \/>\n\t<meta name=\"twitter:data1\" content=\"2 dakika\" \/>\n<script type=\"application\/ld+json\" class=\"yoast-schema-graph\">{\"@context\":\"https:\/\/schema.org\",\"@graph\":[{\"@type\":\"WebPage\",\"@id\":\"https:\/\/onlinelotto365.com\/tr\/kazanan-numaralar\/omur-boyu-set\/\",\"url\":\"https:\/\/onlinelotto365.com\/tr\/kazanan-numaralar\/omur-boyu-set\/\",\"name\":\"Set for life i\u00e7in en son kazanan numaralar ve \u00f6demeler\",\"isPartOf\":{\"@id\":\"https:\/\/onlinelotto365.com\/tr\/#website\"},\"primaryImageOfPage\":{\"@id\":\"https:\/\/onlinelotto365.com\/tr\/kazanan-numaralar\/omur-boyu-set\/#primaryimage\"},\"image\":{\"@id\":\"https:\/\/onlinelotto365.com\/tr\/kazanan-numaralar\/omur-boyu-set\/#primaryimage\"},\"thumbnailUrl\":\"https:\/\/redfoxlotto.com\/image?size=8&amp;lottery=set-for-life-uk\",\"datePublished\":\"2022-11-23T07:49:57+00:00\",\"dateModified\":\"2022-11-23T07:49:57+00:00\",\"description\":\"Set for life piyangosunu oynad\u0131n\u0131z m\u0131? En son ve ge\u00e7mi\u015f kazanan numaralar bizde\",\"breadcrumb\":{\"@id\":\"https:\/\/onlinelotto365.com\/tr\/kazanan-numaralar\/omur-boyu-set\/#breadcrumb\"},\"inLanguage\":\"tr\",\"potentialAction\":[{\"@type\":\"ReadAction\",\"target\":[\"https:\/\/onlinelotto365.com\/tr\/kazanan-numaralar\/omur-boyu-set\/\"]}]},{\"@type\":\"ImageObject\",\"inLanguage\":\"tr\",\"@id\":\"https:\/\/onlinelotto365.com\/tr\/kazanan-numaralar\/omur-boyu-set\/#primaryimage\",\"url\":\"https:\/\/redfoxlotto.com\/image?size=8&amp;lottery=set-for-life-uk\",\"contentUrl\":\"https:\/\/redfoxlotto.com\/image?size=8&amp;lottery=set-for-life-uk\"},{\"@type\":\"BreadcrumbList\",\"@id\":\"https:\/\/onlinelotto365.com\/tr\/kazanan-numaralar\/omur-boyu-set\/#breadcrumb\",\"itemListElement\":[{\"@type\":\"ListItem\",\"position\":1,\"name\":\"Home\",\"item\":\"https:\/\/onlinelotto365.com\/tr\/\"},{\"@type\":\"ListItem\",\"position\":2,\"name\":\"T\u00fcm piyangolari kazanan sayilar\",\"item\":\"https:\/\/onlinelotto365.com\/tr\/kazanan-numaralar\/\"},{\"@type\":\"ListItem\",\"position\":3,\"name\":\"Set for life \u00e7ekili\u015finin sonu\u00e7lar\u0131\"}]},{\"@type\":\"WebSite\",\"@id\":\"https:\/\/onlinelotto365.com\/tr\/#website\",\"url\":\"https:\/\/onlinelotto365.com\/tr\/\",\"name\":\"OnlineLotto365\",\"description\":\"\",\"potentialAction\":[{\"@type\":\"SearchAction\",\"target\":{\"@type\":\"EntryPoint\",\"urlTemplate\":\"https:\/\/onlinelotto365.com\/tr\/?s={search_term_string}\"},\"query-input\":{\"@type\":\"PropertyValueSpecification\",\"valueRequired\":true,\"valueName\":\"search_term_string\"}}],\"inLanguage\":\"tr\"}]}<\/script>\n<!-- \/ Yoast SEO plugin. -->","yoast_head_json":{"title":"Set for life i\u00e7in en son kazanan numaralar ve \u00f6demeler","description":"Set for life piyangosunu oynad\u0131n\u0131z m\u0131? En son ve ge\u00e7mi\u015f kazanan numaralar bizde","robots":{"index":"index","follow":"follow","max-snippet":"max-snippet:-1","max-image-preview":"max-image-preview:large","max-video-preview":"max-video-preview:-1"},"canonical":"https:\/\/onlinelotto365.com\/tr\/kazanan-numaralar\/omur-boyu-set\/","og_locale":"tr_TR","og_type":"article","og_title":"Set for life i\u00e7in en son kazanan numaralar ve \u00f6demeler","og_description":"Set for life piyangosunu oynad\u0131n\u0131z m\u0131? En son ve ge\u00e7mi\u015f kazanan numaralar bizde","og_url":"https:\/\/onlinelotto365.com\/tr\/kazanan-numaralar\/omur-boyu-set\/","og_site_name":"OnlineLotto365","og_image":[{"url":"https:\/\/redfoxlotto.com\/image?size=8&amp;lottery=set-for-life-uk"}],"twitter_card":"summary_large_image","twitter_misc":{"Tahmini okuma s\u00fcresi":"2 dakika"},"schema":{"@context":"https:\/\/schema.org","@graph":[{"@type":"WebPage","@id":"https:\/\/onlinelotto365.com\/tr\/kazanan-numaralar\/omur-boyu-set\/","url":"https:\/\/onlinelotto365.com\/tr\/kazanan-numaralar\/omur-boyu-set\/","name":"Set for life i\u00e7in en son kazanan numaralar ve \u00f6demeler","isPartOf":{"@id":"https:\/\/onlinelotto365.com\/tr\/#website"},"primaryImageOfPage":{"@id":"https:\/\/onlinelotto365.com\/tr\/kazanan-numaralar\/omur-boyu-set\/#primaryimage"},"image":{"@id":"https:\/\/onlinelotto365.com\/tr\/kazanan-numaralar\/omur-boyu-set\/#primaryimage"},"thumbnailUrl":"https:\/\/redfoxlotto.com\/image?size=8&amp;lottery=set-for-life-uk","datePublished":"2022-11-23T07:49:57+00:00","dateModified":"2022-11-23T07:49:57+00:00","description":"Set for life piyangosunu oynad\u0131n\u0131z m\u0131? En son ve ge\u00e7mi\u015f kazanan numaralar bizde","breadcrumb":{"@id":"https:\/\/onlinelotto365.com\/tr\/kazanan-numaralar\/omur-boyu-set\/#breadcrumb"},"inLanguage":"tr","potentialAction":[{"@type":"ReadAction","target":["https:\/\/onlinelotto365.com\/tr\/kazanan-numaralar\/omur-boyu-set\/"]}]},{"@type":"ImageObject","inLanguage":"tr","@id":"https:\/\/onlinelotto365.com\/tr\/kazanan-numaralar\/omur-boyu-set\/#primaryimage","url":"https:\/\/redfoxlotto.com\/image?size=8&amp;lottery=set-for-life-uk","contentUrl":"https:\/\/redfoxlotto.com\/image?size=8&amp;lottery=set-for-life-uk"},{"@type":"BreadcrumbList","@id":"https:\/\/onlinelotto365.com\/tr\/kazanan-numaralar\/omur-boyu-set\/#breadcrumb","itemListElement":[{"@type":"ListItem","position":1,"name":"Home","item":"https:\/\/onlinelotto365.com\/tr\/"},{"@type":"ListItem","position":2,"name":"T\u00fcm piyangolari kazanan sayilar","item":"https:\/\/onlinelotto365.com\/tr\/kazanan-numaralar\/"},{"@type":"ListItem","position":3,"name":"Set for life \u00e7ekili\u015finin sonu\u00e7lar\u0131"}]},{"@type":"WebSite","@id":"https:\/\/onlinelotto365.com\/tr\/#website","url":"https:\/\/onlinelotto365.com\/tr\/","name":"OnlineLotto365","description":"","potentialAction":[{"@type":"SearchAction","target":{"@type":"EntryPoint","urlTemplate":"https:\/\/onlinelotto365.com\/tr\/?s={search_term_string}"},"query-input":{"@type":"PropertyValueSpecification","valueRequired":true,"valueName":"search_term_string"}}],"inLanguage":"tr"}]}},"_links":{"self":[{"href":"https:\/\/onlinelotto365.com\/tr\/wp-json\/wp\/v2\/pages\/80818","targetHints":{"allow":["GET"]}}],"collection":[{"href":"https:\/\/onlinelotto365.com\/tr\/wp-json\/wp\/v2\/pages"}],"about":[{"href":"https:\/\/onlinelotto365.com\/tr\/wp-json\/wp\/v2\/types\/page"}],"author":[{"embeddable":true,"href":"https:\/\/onlinelotto365.com\/tr\/wp-json\/wp\/v2\/users\/1"}],"replies":[{"embeddable":true,"href":"https:\/\/onlinelotto365.com\/tr\/wp-json\/wp\/v2\/comments?post=80818"}],"version-history":[{"count":0,"href":"https:\/\/onlinelotto365.com\/tr\/wp-json\/wp\/v2\/pages\/80818\/revisions"}],"up":[{"embeddable":true,"href":"https:\/\/onlinelotto365.com\/tr\/wp-json\/wp\/v2\/pages\/5871"}],"wp:attachment":[{"href":"https:\/\/onlinelotto365.com\/tr\/wp-json\/wp\/v2\/media?parent=80818"}],"curies":[{"name":"wp","href":"https:\/\/api.w.org\/{rel}","templated":true}]}}