{"id":80851,"date":"2022-11-23T12:00:20","date_gmt":"2022-11-23T11:00:20","guid":{"rendered":"https:\/\/onlinelotto365.com\/?page_id=80851"},"modified":"2022-11-23T12:00:20","modified_gmt":"2022-11-23T11:00:20","slug":"alman-lotosu","status":"publish","type":"page","link":"https:\/\/onlinelotto365.com\/tr\/kazanan-numaralar\/alman-lotosu\/","title":{"rendered":"Alman Loto kazanan numaralar\u0131n\u0131 buradan g\u00f6rebilirsiniz"},"content":{"rendered":"<p>Uluslararas\u0131 piyango oyunlar\u0131n\u0131 takip etmek biraz daha zor olabilir \u00e7\u00fcnk\u00fc \u00e7ekildikleri b\u00f6lgede ya\u015fam\u0131yor olabilirsiniz. Alman Loto sonu\u00e7lar\u0131n\u0131 yerel gazetenizden kontrol edemeyebilirsiniz. Ve Alman Loto kazanan numaralar\u0131n\u0131 televizyonda da bulamayabilirsiniz. Her iki yerde de bulabilirseniz, oraya ula\u015fmak i\u00e7in yeterli miktarda ara\u015ft\u0131rma yapman\u0131z gerekecektir.<br \/>\n<a href=\"https:\/\/redfoxlotto.com\/play\/lotto-6aus49\/?ref=a8564250a2&amp;medium=ol365\" target=\"_blank\" rel=\"noopener noreferrer\"><img decoding=\"async\" class=\"aligncenter\" src=\"https:\/\/redfoxlotto.com\/image?size=8&amp;lottery=lotto-6aus49\" alt=\"Alman Loto 6aus49\" \/><\/a><br \/>\nAyr\u0131ca Alman Loto&#8217;sunun web sitesine gitmeyi de d\u00fc\u015f\u00fcnebilirsiniz. Bazen bu resmi web siteleri canl\u0131 \u00e7ekili\u015fler sunar, b\u00f6ylece sonu\u00e7lar\u0131 geldik\u00e7e g\u00f6rebilirsiniz. Ancak t\u00fcm oyunlarda bu se\u00e7enek bulunmaz ve resmi sitede bile sonu\u00e7lar\u0131n\u0131z\u0131 bulamayabilirsiniz.<\/p>\n<p>Ayr\u0131ca, birisinin canl\u0131 \u00e7ekili\u015fin bir videosunu veya hatta \u00e7ekili\u015f ger\u00e7ekle\u015ftikten bir s\u00fcre sonra sonu\u00e7lar\u0131 i\u00e7eren bir video y\u00fckleyip y\u00fcklemedi\u011fini g\u00f6rmek i\u00e7in YouTube&#8217;a da bakabilirsiniz.<\/p>\n<p>Ancak arad\u0131\u011f\u0131n\u0131z sonu\u00e7lara ula\u015fman\u0131n en kolay yolu web sitemize bir g\u00f6z atmakt\u0131r. Alman Loto sonu\u00e7lar\u0131n\u0131 do\u011frudan sonu\u00e7lar sayfam\u0131zda bulman\u0131za yard\u0131mc\u0131 olaca\u011f\u0131z. Sitemizde bulabilece\u011finiz t\u00fcm piyango oyunlar\u0131 i\u00e7in kazanan numaralar\u0131 burada payla\u015f\u0131yoruz.<\/p>\n<h2>Online biletinizin kazan\u0131p kazanmad\u0131\u011f\u0131n\u0131 nas\u0131l \u00f6\u011frenebilirsiniz?<\/h2>\n<p>Alman Loto&#8217;su i\u00e7in bizden bilet alanlar i\u00e7in, sonu\u00e7lar\u0131 \u00f6\u011frenmenin daha da kolay oldu\u011funu g\u00f6receksiniz. \u00c7\u00fcnk\u00fc tek yapman\u0131z gereken hesap sayfan\u0131za bakmak. Oraya gitti\u011finizde, mevcut oyunlar\u0131m\u0131zdan herhangi biri i\u00e7in sat\u0131n ald\u0131\u011f\u0131n\u0131z biletleri g\u00f6rebileceksiniz. Ard\u0131ndan, kazanan numaralara da ayn\u0131 yerden g\u00f6z atabilirsiniz.<br \/>\nHatta ne kazand\u0131\u011f\u0131n\u0131z\u0131 size bildirmek i\u00e7in e\u015fle\u015ftirdi\u011finiz say\u0131lardan herhangi birini vurgulayaca\u011f\u0131z. Ve 2500 \u20ac&#8217;dan az kazan\u0131rsan\u0131z, say\u0131lar oyun taraf\u0131ndan resmi olarak do\u011frulan\u0131r do\u011frulanmaz hesab\u0131n\u0131za eklemeye \u00f6zen g\u00f6sterece\u011fiz. Sizin i\u00e7in bu kadar kolay.<\/p>\n<h2>Alman Loto sonu\u00e7lar\u0131 ar\u015fivi<\/h2>\n<p>Web sitemizde Alman Loto&#8217;sunun en son say\u0131lar\u0131n\u0131n yer ald\u0131\u011f\u0131 sayfalarda, ar\u015fivimizdeki t\u00fcm eski say\u0131lar da g\u00f6sterilecektir. Bunun nedeni, bir\u00e7ok insan\u0131n bir sonraki biletleri i\u00e7in kullanmak istedikleri say\u0131lar\u0131 se\u00e7melerine yard\u0131mc\u0131 olmak i\u00e7in eski say\u0131lar\u0131 bilmek istediklerini biliyoruz. Bunlar\u0131 yeni numaralar\u0131n g\u00f6sterildi\u011fi t\u00fcm sayfalara koyuyoruz.<\/p>\n<h2>Biletim kazand\u0131, bundan sonra ne olacak?<\/h2>\n<p><img loading=\"lazy\" decoding=\"async\" class=\"alignright size-medium wp-image-3593\" src=\"https:\/\/onlinelotto365.com\/wp-content\/uploads\/2020\/11\/online_lottery-39-300x150.jpg\" alt=\"alman loto kazanan numaralar\" width=\"300\" height=\"150\" srcset=\"https:\/\/onlinelotto365.com\/wp-content\/uploads\/2020\/11\/online_lottery-39-300x150.jpg 300w, https:\/\/onlinelotto365.com\/wp-content\/uploads\/2020\/11\/online_lottery-39.jpg 490w\" sizes=\"auto, (max-width: 300px) 100vw, 300px\" \/><br \/>\nAlman Loto&#8217;sunu kazand\u0131ysan\u0131z ve kazanan biletinizin de\u011feri 2500 \u20ac&#8217;dan azsa, kazanan numaralar\u0131n t\u00fcm\u00fc do\u011frulan\u0131r do\u011frulanmaz paray\u0131 hesab\u0131n\u0131za yat\u0131rmakla ilgilenece\u011fiz. Yani sizin hi\u00e7bir \u015fey yapman\u0131za gerek yok. Kazanan biletin de\u011feri 2500 \u20ac&#8217;dan fazlaysa, bir form doldurman\u0131z gerekecek, ancak yine de s\u00fcre\u00e7te size yard\u0131mc\u0131 olaca\u011f\u0131z. Ard\u0131ndan, hesab\u0131n\u0131zda en az 10 \u20ac varsa, paray\u0131 sitemizde daha \u00f6nce kulland\u0131\u011f\u0131n\u0131z herhangi bir banka veya kredi kart\u0131 hesab\u0131na \u00e7ekme se\u00e7ene\u011finiz olacakt\u0131r. E\u011fer hesab\u0131n\u0131z\u0131 hen\u00fcz kullanmad\u0131ysan\u0131z, paran\u0131z\u0131 bu hesaba \u00e7ekemezsiniz.<\/p>\n","protected":false},"excerpt":{"rendered":"<p>Uluslararas\u0131 piyango oyunlar\u0131n\u0131 takip etmek biraz daha zor olabilir \u00e7\u00fcnk\u00fc \u00e7ekildikleri b\u00f6lgede ya\u015fam\u0131yor olabilirsiniz. Alman Loto sonu\u00e7lar\u0131n\u0131 yerel gazetenizden kontrol edemeyebilirsiniz. Ve Alman Loto kazanan numaralar\u0131n\u0131 televizyonda da bulamayabilirsiniz. Her iki yerde de bulabilirseniz, oraya ula\u015fmak i\u00e7in yeterli miktarda ara\u015ft\u0131rma yapman\u0131z gerekecektir. Ayr\u0131ca Alman Loto&#8217;sunun web sitesine gitmeyi de d\u00fc\u015f\u00fcnebilirsiniz. Bazen bu resmi web siteleri [&hellip;]<\/p>\n","protected":false},"author":1,"featured_media":0,"parent":5871,"menu_order":11,"comment_status":"closed","ping_status":"closed","template":"lotto-german-results.php","meta":{"_et_pb_use_builder":"","_et_pb_old_content":"","_et_gb_content_width":"","exclude_from_search":false,"footnotes":""},"class_list":["post-80851","page","type-page","status-publish","hentry"],"yoast_head":"<!-- This site is optimized with the Yoast SEO plugin v23.4 - https:\/\/yoast.com\/wordpress\/plugins\/seo\/ -->\n<title>Kazand\u0131ran numaralar Alman Loto&#039;su | Alman Loto&#039;su i\u00e7in \u00e7ekili\u015f sonu\u00e7lar\u0131 ve kazan\u0131lan miktarlar<\/title>\n<meta name=\"description\" content=\"Alman Loto 6aus49 i\u00e7in kazanan numaralar\u0131 bulmak istiyorsan\u0131z, buraya bak\u0131n!\" \/>\n<meta name=\"robots\" content=\"index, follow, max-snippet:-1, max-image-preview:large, max-video-preview:-1\" \/>\n<link rel=\"canonical\" href=\"https:\/\/onlinelotto365.com\/tr\/kazanan-numaralar\/alman-lotosu\/\" \/>\n<meta property=\"og:locale\" content=\"tr_TR\" \/>\n<meta property=\"og:type\" content=\"article\" \/>\n<meta property=\"og:title\" content=\"Kazand\u0131ran numaralar Alman Loto&#039;su | Alman Loto&#039;su i\u00e7in \u00e7ekili\u015f sonu\u00e7lar\u0131 ve kazan\u0131lan miktarlar\" \/>\n<meta property=\"og:description\" content=\"Alman Loto 6aus49 i\u00e7in kazanan numaralar\u0131 bulmak istiyorsan\u0131z, buraya bak\u0131n!\" \/>\n<meta property=\"og:url\" content=\"https:\/\/onlinelotto365.com\/tr\/kazanan-numaralar\/alman-lotosu\/\" \/>\n<meta property=\"og:site_name\" content=\"OnlineLotto365\" \/>\n<meta property=\"og:image\" content=\"https:\/\/redfoxlotto.com\/image?size=8&amp;lottery=lotto-6aus49\" \/>\n<meta name=\"twitter:card\" content=\"summary_large_image\" \/>\n<meta name=\"twitter:label1\" content=\"Tahmini okuma s\u00fcresi\" \/>\n\t<meta name=\"twitter:data1\" content=\"2 dakika\" \/>\n<script type=\"application\/ld+json\" class=\"yoast-schema-graph\">{\"@context\":\"https:\/\/schema.org\",\"@graph\":[{\"@type\":\"WebPage\",\"@id\":\"https:\/\/onlinelotto365.com\/tr\/kazanan-numaralar\/alman-lotosu\/\",\"url\":\"https:\/\/onlinelotto365.com\/tr\/kazanan-numaralar\/alman-lotosu\/\",\"name\":\"Kazand\u0131ran numaralar Alman Loto'su | Alman Loto'su i\u00e7in \u00e7ekili\u015f sonu\u00e7lar\u0131 ve kazan\u0131lan miktarlar\",\"isPartOf\":{\"@id\":\"https:\/\/onlinelotto365.com\/tr\/#website\"},\"primaryImageOfPage\":{\"@id\":\"https:\/\/onlinelotto365.com\/tr\/kazanan-numaralar\/alman-lotosu\/#primaryimage\"},\"image\":{\"@id\":\"https:\/\/onlinelotto365.com\/tr\/kazanan-numaralar\/alman-lotosu\/#primaryimage\"},\"thumbnailUrl\":\"https:\/\/redfoxlotto.com\/image?size=8&amp;lottery=lotto-6aus49\",\"datePublished\":\"2022-11-23T11:00:20+00:00\",\"dateModified\":\"2022-11-23T11:00:20+00:00\",\"description\":\"Alman Loto 6aus49 i\u00e7in kazanan numaralar\u0131 bulmak istiyorsan\u0131z, buraya bak\u0131n!\",\"breadcrumb\":{\"@id\":\"https:\/\/onlinelotto365.com\/tr\/kazanan-numaralar\/alman-lotosu\/#breadcrumb\"},\"inLanguage\":\"tr\",\"potentialAction\":[{\"@type\":\"ReadAction\",\"target\":[\"https:\/\/onlinelotto365.com\/tr\/kazanan-numaralar\/alman-lotosu\/\"]}]},{\"@type\":\"ImageObject\",\"inLanguage\":\"tr\",\"@id\":\"https:\/\/onlinelotto365.com\/tr\/kazanan-numaralar\/alman-lotosu\/#primaryimage\",\"url\":\"https:\/\/redfoxlotto.com\/image?size=8&amp;lottery=lotto-6aus49\",\"contentUrl\":\"https:\/\/redfoxlotto.com\/image?size=8&amp;lottery=lotto-6aus49\"},{\"@type\":\"BreadcrumbList\",\"@id\":\"https:\/\/onlinelotto365.com\/tr\/kazanan-numaralar\/alman-lotosu\/#breadcrumb\",\"itemListElement\":[{\"@type\":\"ListItem\",\"position\":1,\"name\":\"Home\",\"item\":\"https:\/\/onlinelotto365.com\/tr\/\"},{\"@type\":\"ListItem\",\"position\":2,\"name\":\"T\u00fcm piyangolari kazanan sayilar\",\"item\":\"https:\/\/onlinelotto365.com\/tr\/kazanan-numaralar\/\"},{\"@type\":\"ListItem\",\"position\":3,\"name\":\"Alman Loto kazanan numaralar\u0131n\u0131 buradan g\u00f6rebilirsiniz\"}]},{\"@type\":\"WebSite\",\"@id\":\"https:\/\/onlinelotto365.com\/tr\/#website\",\"url\":\"https:\/\/onlinelotto365.com\/tr\/\",\"name\":\"OnlineLotto365\",\"description\":\"\",\"potentialAction\":[{\"@type\":\"SearchAction\",\"target\":{\"@type\":\"EntryPoint\",\"urlTemplate\":\"https:\/\/onlinelotto365.com\/tr\/?s={search_term_string}\"},\"query-input\":{\"@type\":\"PropertyValueSpecification\",\"valueRequired\":true,\"valueName\":\"search_term_string\"}}],\"inLanguage\":\"tr\"}]}<\/script>\n<!-- \/ Yoast SEO plugin. -->","yoast_head_json":{"title":"Kazand\u0131ran numaralar Alman Loto'su | Alman Loto'su i\u00e7in \u00e7ekili\u015f sonu\u00e7lar\u0131 ve kazan\u0131lan miktarlar","description":"Alman Loto 6aus49 i\u00e7in kazanan numaralar\u0131 bulmak istiyorsan\u0131z, buraya bak\u0131n!","robots":{"index":"index","follow":"follow","max-snippet":"max-snippet:-1","max-image-preview":"max-image-preview:large","max-video-preview":"max-video-preview:-1"},"canonical":"https:\/\/onlinelotto365.com\/tr\/kazanan-numaralar\/alman-lotosu\/","og_locale":"tr_TR","og_type":"article","og_title":"Kazand\u0131ran numaralar Alman Loto'su | Alman Loto'su i\u00e7in \u00e7ekili\u015f sonu\u00e7lar\u0131 ve kazan\u0131lan miktarlar","og_description":"Alman Loto 6aus49 i\u00e7in kazanan numaralar\u0131 bulmak istiyorsan\u0131z, buraya bak\u0131n!","og_url":"https:\/\/onlinelotto365.com\/tr\/kazanan-numaralar\/alman-lotosu\/","og_site_name":"OnlineLotto365","og_image":[{"url":"https:\/\/redfoxlotto.com\/image?size=8&amp;lottery=lotto-6aus49"}],"twitter_card":"summary_large_image","twitter_misc":{"Tahmini okuma s\u00fcresi":"2 dakika"},"schema":{"@context":"https:\/\/schema.org","@graph":[{"@type":"WebPage","@id":"https:\/\/onlinelotto365.com\/tr\/kazanan-numaralar\/alman-lotosu\/","url":"https:\/\/onlinelotto365.com\/tr\/kazanan-numaralar\/alman-lotosu\/","name":"Kazand\u0131ran numaralar Alman Loto'su | Alman Loto'su i\u00e7in \u00e7ekili\u015f sonu\u00e7lar\u0131 ve kazan\u0131lan miktarlar","isPartOf":{"@id":"https:\/\/onlinelotto365.com\/tr\/#website"},"primaryImageOfPage":{"@id":"https:\/\/onlinelotto365.com\/tr\/kazanan-numaralar\/alman-lotosu\/#primaryimage"},"image":{"@id":"https:\/\/onlinelotto365.com\/tr\/kazanan-numaralar\/alman-lotosu\/#primaryimage"},"thumbnailUrl":"https:\/\/redfoxlotto.com\/image?size=8&amp;lottery=lotto-6aus49","datePublished":"2022-11-23T11:00:20+00:00","dateModified":"2022-11-23T11:00:20+00:00","description":"Alman Loto 6aus49 i\u00e7in kazanan numaralar\u0131 bulmak istiyorsan\u0131z, buraya bak\u0131n!","breadcrumb":{"@id":"https:\/\/onlinelotto365.com\/tr\/kazanan-numaralar\/alman-lotosu\/#breadcrumb"},"inLanguage":"tr","potentialAction":[{"@type":"ReadAction","target":["https:\/\/onlinelotto365.com\/tr\/kazanan-numaralar\/alman-lotosu\/"]}]},{"@type":"ImageObject","inLanguage":"tr","@id":"https:\/\/onlinelotto365.com\/tr\/kazanan-numaralar\/alman-lotosu\/#primaryimage","url":"https:\/\/redfoxlotto.com\/image?size=8&amp;lottery=lotto-6aus49","contentUrl":"https:\/\/redfoxlotto.com\/image?size=8&amp;lottery=lotto-6aus49"},{"@type":"BreadcrumbList","@id":"https:\/\/onlinelotto365.com\/tr\/kazanan-numaralar\/alman-lotosu\/#breadcrumb","itemListElement":[{"@type":"ListItem","position":1,"name":"Home","item":"https:\/\/onlinelotto365.com\/tr\/"},{"@type":"ListItem","position":2,"name":"T\u00fcm piyangolari kazanan sayilar","item":"https:\/\/onlinelotto365.com\/tr\/kazanan-numaralar\/"},{"@type":"ListItem","position":3,"name":"Alman Loto kazanan numaralar\u0131n\u0131 buradan g\u00f6rebilirsiniz"}]},{"@type":"WebSite","@id":"https:\/\/onlinelotto365.com\/tr\/#website","url":"https:\/\/onlinelotto365.com\/tr\/","name":"OnlineLotto365","description":"","potentialAction":[{"@type":"SearchAction","target":{"@type":"EntryPoint","urlTemplate":"https:\/\/onlinelotto365.com\/tr\/?s={search_term_string}"},"query-input":{"@type":"PropertyValueSpecification","valueRequired":true,"valueName":"search_term_string"}}],"inLanguage":"tr"}]}},"_links":{"self":[{"href":"https:\/\/onlinelotto365.com\/tr\/wp-json\/wp\/v2\/pages\/80851","targetHints":{"allow":["GET"]}}],"collection":[{"href":"https:\/\/onlinelotto365.com\/tr\/wp-json\/wp\/v2\/pages"}],"about":[{"href":"https:\/\/onlinelotto365.com\/tr\/wp-json\/wp\/v2\/types\/page"}],"author":[{"embeddable":true,"href":"https:\/\/onlinelotto365.com\/tr\/wp-json\/wp\/v2\/users\/1"}],"replies":[{"embeddable":true,"href":"https:\/\/onlinelotto365.com\/tr\/wp-json\/wp\/v2\/comments?post=80851"}],"version-history":[{"count":0,"href":"https:\/\/onlinelotto365.com\/tr\/wp-json\/wp\/v2\/pages\/80851\/revisions"}],"up":[{"embeddable":true,"href":"https:\/\/onlinelotto365.com\/tr\/wp-json\/wp\/v2\/pages\/5871"}],"wp:attachment":[{"href":"https:\/\/onlinelotto365.com\/tr\/wp-json\/wp\/v2\/media?parent=80851"}],"curies":[{"name":"wp","href":"https:\/\/api.w.org\/{rel}","templated":true}]}}