{"id":80883,"date":"2022-11-23T12:53:12","date_gmt":"2022-11-23T11:53:12","guid":{"rendered":"https:\/\/onlinelotto365.com\/?page_id=80883"},"modified":"2022-11-23T12:53:12","modified_gmt":"2022-11-23T11:53:12","slug":"mega-sena","status":"publish","type":"page","link":"https:\/\/onlinelotto365.com\/tr\/kazanan-numaralar\/mega-sena\/","title":{"rendered":"Brezilya&#8217;dan Mega-Sena &#8211; en son kazanan numaralar"},"content":{"rendered":"<p>D\u0131\u015far\u0131da pek \u00e7ok farkl\u0131 oyun var ve kazanan numaralar\u0131 m\u00fcmk\u00fcn olan en k\u0131sa s\u00fcrede bulabilece\u011finizden emin olmak istiyorsunuz. Nereye bakaca\u011f\u0131n\u0131z\u0131 biliyorsan\u0131z, bu birka\u00e7 farkl\u0131 yolla m\u00fcmk\u00fcnd\u00fcr. Yerel bir oyun oldu\u011fu bir b\u00f6lgede ya\u015f\u0131yorsan\u0131z, kazanan numaralar bazen gazetede mevcuttur. Bu, Mega-Sena sonu\u00e7lar\u0131n\u0131n b\u00f6lgenizde mevcut olmad\u0131\u011f\u0131 anlam\u0131na gelebilir. Ayr\u0131ca, baz\u0131 b\u00f6lgelerde kazanan numaralar TV&#8217;de g\u00f6sterilir, bu da yaln\u0131zca belirli b\u00f6lgelerde ya\u015f\u0131yorsan\u0131z ger\u00e7ekle\u015fir.<br \/>\n<a href=\"https:\/\/redfoxlotto.com\/play\/mega-sena\/?ref=a8564250a2&amp;medium=ol365\" target=\"_blank\" rel=\"noopener noreferrer\"><img decoding=\"async\" class=\"aligncenter\" src=\"https:\/\/redfoxlotto.com\/image?size=8&amp;lottery=mega-sena\" alt=\"mega-sena\" \/><\/a><\/p>\n<p>Ba\u015fka bir se\u00e7enek de Mega-Sena piyangosunun web sitesine bakarak oyun \u00e7ekildi\u011finde canl\u0131 yay\u0131n yap\u0131p yapmad\u0131klar\u0131n\u0131 g\u00f6rmektir. T\u00fcm oyunlar bunu yapmaz, ancak yapanlar i\u00e7in izleyen herkes i\u00e7in heyecan verici bir deneyim olabilir. \u00d6zellikle de ger\u00e7ekten kazanan biriyseniz ve numaralar\u0131n\u0131z\u0131n \u00e7ekili\u015fini izliyorsan\u0131z.<\/p>\n<p>Ayr\u0131ca YouTube&#8217;a gitme se\u00e7ene\u011fi de vard\u0131r. Bazen insanlar \u00e7ekili\u015fin canl\u0131 videolar\u0131n\u0131 \u00e7evrimi\u00e7i olarak y\u00fckler ve en son Mega Sena \u00e7ekili\u015fini g\u00f6rebilirsiniz.<\/p>\n<p>Ancak kazanan numaralar\u0131 \u00f6\u011frenmenin en kolay yolu web sitemizi kontrol etmek olacakt\u0131r. Mega Sena i\u00e7in t\u00fcm kazanan numaralar\u0131n yan\u0131 s\u0131ra elimizde mevcut olmas\u0131n\u0131 istedi\u011finiz di\u011fer oyunlara da eri\u015fmenizi sa\u011flayabiliriz. Bu, istedi\u011finiz sonu\u00e7lar\u0131 bulman\u0131z\u0131 kolayla\u015ft\u0131r\u0131r.<\/p>\n<h2>Online biletinizin kazan\u0131p kazanmad\u0131\u011f\u0131n\u0131 nas\u0131l \u00f6\u011frenebilirsiniz?<\/h2>\n<p>Daha da iyisi, do\u011frudan hesab\u0131n\u0131za giri\u015f yapabilmeniz ve bilet sat\u0131n ald\u0131\u011f\u0131n\u0131z herhangi bir oyunun sonu\u00e7lar\u0131n\u0131 da bulabilmenizdir. Sadece web sitesinin biletlerinizin kay\u0131tl\u0131 oldu\u011fu b\u00f6l\u00fcm\u00fcne gidin ve bu biletler i\u00e7in ge\u00e7erli olan kazanan numaralar\u0131 bulabilirsiniz.<\/p>\n<p>Daha sonra, mevcut numaralar\u0131n\u0131zla e\u015fle\u015fen kazanan numaralar\u0131n ne oldu\u011funu bile g\u00f6rebilirsiniz, b\u00f6ylece zaten ne kadar kazand\u0131\u011f\u0131n\u0131z\u0131 g\u00f6rebilirsiniz. E\u011fer kazand\u0131\u011f\u0131n\u0131z miktar 2500 \u20ac&#8217;dan az ise, bu paray\u0131 do\u011frudan hesab\u0131n\u0131za aktararak harcamaya ba\u015flaman\u0131z\u0131 veya kendi hesab\u0131n\u0131za \u00e7ekmenizi sa\u011flayaca\u011f\u0131z. Tek yapman\u0131z gereken, paray\u0131 bizimle daha \u00f6nce kulland\u0131\u011f\u0131n\u0131z bir hesaba \u00e7ekti\u011finizden emin olmakt\u0131r.<\/p>\n<h2>Mega-Sena sonu\u00e7 ar\u015fivi<\/h2>\n<p><img loading=\"lazy\" decoding=\"async\" class=\"alignright wp-image-3640\" src=\"https:\/\/onlinelotto365.com\/wp-content\/uploads\/2020\/11\/lottery_balls1-300x160.jpg\" alt=\"mega-sena sonu\u00e7lari\" width=\"249\" height=\"133\" srcset=\"https:\/\/onlinelotto365.com\/wp-content\/uploads\/2020\/11\/lottery_balls1-300x160.jpg 300w, https:\/\/onlinelotto365.com\/wp-content\/uploads\/2020\/11\/lottery_balls1.jpg 472w\" sizes=\"auto, (max-width: 249px) 100vw, 249px\" \/><br \/>\nMega-Sena i\u00e7in daha eski say\u0131lara eri\u015fmek isteyenler i\u00e7in, en son say\u0131lar\u0131 zaten sunan web sayfalar\u0131na yak\u0131ndan bakmak isteyeceksiniz. T\u00fcm eski say\u0131lar\u0131 orada da bulabilirsiniz, b\u00f6ylece bir sonraki say\u0131 setinizi se\u00e7mek i\u00e7in en iyi bilgilerden baz\u0131lar\u0131n\u0131 ka\u00e7\u0131rma konusunda endi\u015felenmenize gerek kalmaz.<\/p>\n","protected":false},"excerpt":{"rendered":"<p>D\u0131\u015far\u0131da pek \u00e7ok farkl\u0131 oyun var ve kazanan numaralar\u0131 m\u00fcmk\u00fcn olan en k\u0131sa s\u00fcrede bulabilece\u011finizden emin olmak istiyorsunuz. Nereye bakaca\u011f\u0131n\u0131z\u0131 biliyorsan\u0131z, bu birka\u00e7 farkl\u0131 yolla m\u00fcmk\u00fcnd\u00fcr. Yerel bir oyun oldu\u011fu bir b\u00f6lgede ya\u015f\u0131yorsan\u0131z, kazanan numaralar bazen gazetede mevcuttur. Bu, Mega-Sena sonu\u00e7lar\u0131n\u0131n b\u00f6lgenizde mevcut olmad\u0131\u011f\u0131 anlam\u0131na gelebilir. Ayr\u0131ca, baz\u0131 b\u00f6lgelerde kazanan numaralar TV&#8217;de g\u00f6sterilir, bu da [&hellip;]<\/p>\n","protected":false},"author":1,"featured_media":0,"parent":5871,"menu_order":12,"comment_status":"closed","ping_status":"closed","template":"megasena-results.php","meta":{"_et_pb_use_builder":"","_et_pb_old_content":"","_et_gb_content_width":"","exclude_from_search":false,"footnotes":""},"class_list":["post-80883","page","type-page","status-publish","hentry"],"yoast_head":"<!-- This site is optimized with the Yoast SEO plugin v23.4 - https:\/\/yoast.com\/wordpress\/plugins\/seo\/ -->\n<title>Mega-Sena i\u00e7in son \u00e7ekili\u015f sonu\u00e7lar\u0131 ve \u00f6d\u00fcller<\/title>\n<meta name=\"description\" content=\"Mega-Sena Brezilya ve d\u00fcnya \u00e7ap\u0131ndaki di\u011fer bir\u00e7ok piyango i\u00e7in sonu\u00e7lar burada\" \/>\n<meta name=\"robots\" content=\"index, follow, max-snippet:-1, max-image-preview:large, max-video-preview:-1\" \/>\n<link rel=\"canonical\" href=\"https:\/\/onlinelotto365.com\/tr\/kazanan-numaralar\/mega-sena\/\" \/>\n<meta property=\"og:locale\" content=\"tr_TR\" \/>\n<meta property=\"og:type\" content=\"article\" \/>\n<meta property=\"og:title\" content=\"Mega-Sena i\u00e7in son \u00e7ekili\u015f sonu\u00e7lar\u0131 ve \u00f6d\u00fcller\" \/>\n<meta property=\"og:description\" content=\"Mega-Sena Brezilya ve d\u00fcnya \u00e7ap\u0131ndaki di\u011fer bir\u00e7ok piyango i\u00e7in sonu\u00e7lar burada\" \/>\n<meta property=\"og:url\" content=\"https:\/\/onlinelotto365.com\/tr\/kazanan-numaralar\/mega-sena\/\" \/>\n<meta property=\"og:site_name\" content=\"OnlineLotto365\" \/>\n<meta property=\"og:image\" content=\"https:\/\/redfoxlotto.com\/image?size=8&amp;lottery=mega-sena\" \/>\n<meta name=\"twitter:card\" content=\"summary_large_image\" \/>\n<meta name=\"twitter:label1\" content=\"Tahmini okuma s\u00fcresi\" \/>\n\t<meta name=\"twitter:data1\" content=\"2 dakika\" \/>\n<script type=\"application\/ld+json\" class=\"yoast-schema-graph\">{\"@context\":\"https:\/\/schema.org\",\"@graph\":[{\"@type\":\"WebPage\",\"@id\":\"https:\/\/onlinelotto365.com\/tr\/kazanan-numaralar\/mega-sena\/\",\"url\":\"https:\/\/onlinelotto365.com\/tr\/kazanan-numaralar\/mega-sena\/\",\"name\":\"Mega-Sena i\u00e7in son \u00e7ekili\u015f sonu\u00e7lar\u0131 ve \u00f6d\u00fcller\",\"isPartOf\":{\"@id\":\"https:\/\/onlinelotto365.com\/tr\/#website\"},\"primaryImageOfPage\":{\"@id\":\"https:\/\/onlinelotto365.com\/tr\/kazanan-numaralar\/mega-sena\/#primaryimage\"},\"image\":{\"@id\":\"https:\/\/onlinelotto365.com\/tr\/kazanan-numaralar\/mega-sena\/#primaryimage\"},\"thumbnailUrl\":\"https:\/\/redfoxlotto.com\/image?size=8&amp;lottery=mega-sena\",\"datePublished\":\"2022-11-23T11:53:12+00:00\",\"dateModified\":\"2022-11-23T11:53:12+00:00\",\"description\":\"Mega-Sena Brezilya ve d\u00fcnya \u00e7ap\u0131ndaki di\u011fer bir\u00e7ok piyango i\u00e7in sonu\u00e7lar burada\",\"breadcrumb\":{\"@id\":\"https:\/\/onlinelotto365.com\/tr\/kazanan-numaralar\/mega-sena\/#breadcrumb\"},\"inLanguage\":\"tr\",\"potentialAction\":[{\"@type\":\"ReadAction\",\"target\":[\"https:\/\/onlinelotto365.com\/tr\/kazanan-numaralar\/mega-sena\/\"]}]},{\"@type\":\"ImageObject\",\"inLanguage\":\"tr\",\"@id\":\"https:\/\/onlinelotto365.com\/tr\/kazanan-numaralar\/mega-sena\/#primaryimage\",\"url\":\"https:\/\/redfoxlotto.com\/image?size=8&amp;lottery=mega-sena\",\"contentUrl\":\"https:\/\/redfoxlotto.com\/image?size=8&amp;lottery=mega-sena\"},{\"@type\":\"BreadcrumbList\",\"@id\":\"https:\/\/onlinelotto365.com\/tr\/kazanan-numaralar\/mega-sena\/#breadcrumb\",\"itemListElement\":[{\"@type\":\"ListItem\",\"position\":1,\"name\":\"Home\",\"item\":\"https:\/\/onlinelotto365.com\/tr\/\"},{\"@type\":\"ListItem\",\"position\":2,\"name\":\"T\u00fcm piyangolari kazanan sayilar\",\"item\":\"https:\/\/onlinelotto365.com\/tr\/kazanan-numaralar\/\"},{\"@type\":\"ListItem\",\"position\":3,\"name\":\"Brezilya&#8217;dan Mega-Sena &#8211; en son kazanan numaralar\"}]},{\"@type\":\"WebSite\",\"@id\":\"https:\/\/onlinelotto365.com\/tr\/#website\",\"url\":\"https:\/\/onlinelotto365.com\/tr\/\",\"name\":\"OnlineLotto365\",\"description\":\"\",\"potentialAction\":[{\"@type\":\"SearchAction\",\"target\":{\"@type\":\"EntryPoint\",\"urlTemplate\":\"https:\/\/onlinelotto365.com\/tr\/?s={search_term_string}\"},\"query-input\":{\"@type\":\"PropertyValueSpecification\",\"valueRequired\":true,\"valueName\":\"search_term_string\"}}],\"inLanguage\":\"tr\"}]}<\/script>\n<!-- \/ Yoast SEO plugin. -->","yoast_head_json":{"title":"Mega-Sena i\u00e7in son \u00e7ekili\u015f sonu\u00e7lar\u0131 ve \u00f6d\u00fcller","description":"Mega-Sena Brezilya ve d\u00fcnya \u00e7ap\u0131ndaki di\u011fer bir\u00e7ok piyango i\u00e7in sonu\u00e7lar burada","robots":{"index":"index","follow":"follow","max-snippet":"max-snippet:-1","max-image-preview":"max-image-preview:large","max-video-preview":"max-video-preview:-1"},"canonical":"https:\/\/onlinelotto365.com\/tr\/kazanan-numaralar\/mega-sena\/","og_locale":"tr_TR","og_type":"article","og_title":"Mega-Sena i\u00e7in son \u00e7ekili\u015f sonu\u00e7lar\u0131 ve \u00f6d\u00fcller","og_description":"Mega-Sena Brezilya ve d\u00fcnya \u00e7ap\u0131ndaki di\u011fer bir\u00e7ok piyango i\u00e7in sonu\u00e7lar burada","og_url":"https:\/\/onlinelotto365.com\/tr\/kazanan-numaralar\/mega-sena\/","og_site_name":"OnlineLotto365","og_image":[{"url":"https:\/\/redfoxlotto.com\/image?size=8&amp;lottery=mega-sena"}],"twitter_card":"summary_large_image","twitter_misc":{"Tahmini okuma s\u00fcresi":"2 dakika"},"schema":{"@context":"https:\/\/schema.org","@graph":[{"@type":"WebPage","@id":"https:\/\/onlinelotto365.com\/tr\/kazanan-numaralar\/mega-sena\/","url":"https:\/\/onlinelotto365.com\/tr\/kazanan-numaralar\/mega-sena\/","name":"Mega-Sena i\u00e7in son \u00e7ekili\u015f sonu\u00e7lar\u0131 ve \u00f6d\u00fcller","isPartOf":{"@id":"https:\/\/onlinelotto365.com\/tr\/#website"},"primaryImageOfPage":{"@id":"https:\/\/onlinelotto365.com\/tr\/kazanan-numaralar\/mega-sena\/#primaryimage"},"image":{"@id":"https:\/\/onlinelotto365.com\/tr\/kazanan-numaralar\/mega-sena\/#primaryimage"},"thumbnailUrl":"https:\/\/redfoxlotto.com\/image?size=8&amp;lottery=mega-sena","datePublished":"2022-11-23T11:53:12+00:00","dateModified":"2022-11-23T11:53:12+00:00","description":"Mega-Sena Brezilya ve d\u00fcnya \u00e7ap\u0131ndaki di\u011fer bir\u00e7ok piyango i\u00e7in sonu\u00e7lar burada","breadcrumb":{"@id":"https:\/\/onlinelotto365.com\/tr\/kazanan-numaralar\/mega-sena\/#breadcrumb"},"inLanguage":"tr","potentialAction":[{"@type":"ReadAction","target":["https:\/\/onlinelotto365.com\/tr\/kazanan-numaralar\/mega-sena\/"]}]},{"@type":"ImageObject","inLanguage":"tr","@id":"https:\/\/onlinelotto365.com\/tr\/kazanan-numaralar\/mega-sena\/#primaryimage","url":"https:\/\/redfoxlotto.com\/image?size=8&amp;lottery=mega-sena","contentUrl":"https:\/\/redfoxlotto.com\/image?size=8&amp;lottery=mega-sena"},{"@type":"BreadcrumbList","@id":"https:\/\/onlinelotto365.com\/tr\/kazanan-numaralar\/mega-sena\/#breadcrumb","itemListElement":[{"@type":"ListItem","position":1,"name":"Home","item":"https:\/\/onlinelotto365.com\/tr\/"},{"@type":"ListItem","position":2,"name":"T\u00fcm piyangolari kazanan sayilar","item":"https:\/\/onlinelotto365.com\/tr\/kazanan-numaralar\/"},{"@type":"ListItem","position":3,"name":"Brezilya&#8217;dan Mega-Sena &#8211; en son kazanan numaralar"}]},{"@type":"WebSite","@id":"https:\/\/onlinelotto365.com\/tr\/#website","url":"https:\/\/onlinelotto365.com\/tr\/","name":"OnlineLotto365","description":"","potentialAction":[{"@type":"SearchAction","target":{"@type":"EntryPoint","urlTemplate":"https:\/\/onlinelotto365.com\/tr\/?s={search_term_string}"},"query-input":{"@type":"PropertyValueSpecification","valueRequired":true,"valueName":"search_term_string"}}],"inLanguage":"tr"}]}},"_links":{"self":[{"href":"https:\/\/onlinelotto365.com\/tr\/wp-json\/wp\/v2\/pages\/80883","targetHints":{"allow":["GET"]}}],"collection":[{"href":"https:\/\/onlinelotto365.com\/tr\/wp-json\/wp\/v2\/pages"}],"about":[{"href":"https:\/\/onlinelotto365.com\/tr\/wp-json\/wp\/v2\/types\/page"}],"author":[{"embeddable":true,"href":"https:\/\/onlinelotto365.com\/tr\/wp-json\/wp\/v2\/users\/1"}],"replies":[{"embeddable":true,"href":"https:\/\/onlinelotto365.com\/tr\/wp-json\/wp\/v2\/comments?post=80883"}],"version-history":[{"count":0,"href":"https:\/\/onlinelotto365.com\/tr\/wp-json\/wp\/v2\/pages\/80883\/revisions"}],"up":[{"embeddable":true,"href":"https:\/\/onlinelotto365.com\/tr\/wp-json\/wp\/v2\/pages\/5871"}],"wp:attachment":[{"href":"https:\/\/onlinelotto365.com\/tr\/wp-json\/wp\/v2\/media?parent=80883"}],"curies":[{"name":"wp","href":"https:\/\/api.w.org\/{rel}","templated":true}]}}