{"id":80915,"date":"2022-11-23T13:53:23","date_gmt":"2022-11-23T12:53:23","guid":{"rendered":"https:\/\/onlinelotto365.com\/?page_id=80915"},"modified":"2022-11-23T13:53:23","modified_gmt":"2022-11-23T12:53:23","slug":"powerball-avustralya","status":"publish","type":"page","link":"https:\/\/onlinelotto365.com\/tr\/kazanan-numaralar\/powerball-avustralya\/","title":{"rendered":"Powerball Avustralya &#8211; en son ve \u00f6nceki kazanan numaralar, sonu\u00e7lar"},"content":{"rendered":"<p>Uluslararas\u0131 piyangolarda sonu\u00e7lar\u0131 gazeteden kontrol etmeyi deneyebilirsiniz, ancak Powerball Avustralya i\u00e7in kazanan numaralar\u0131 yerel gazetenizde bulman\u0131z pek olas\u0131 de\u011fildir. Yerel TV kanallar\u0131n\u0131zda da bulamayabilirsiniz. E\u011fer bulursan\u0131z, do\u011fru kanala ula\u015fmak biraz zaman ve \u00e7aba gerektirecektir.<\/p>\n<p>Bir ba\u015fka se\u00e7enek de Powerball Australia&#8217;n\u0131n web sitesini kontrol ederek canl\u0131 bir \u00e7ekili\u015f se\u00e7ene\u011fi sunup sunmad\u0131klar\u0131n\u0131 g\u00f6rmektir. E\u011fer sunuyorlarsa, birlikte izleyebilir ve say\u0131lar\u0131n\u0131z\u0131n canl\u0131 olarak \u00e7ekildi\u011fini g\u00f6rmenin keyfini \u00e7\u0131karabilirsiniz. Ancak t\u00fcm oyunlar bu se\u00e7ene\u011fi sunmaz ve kendinizi bu deneyimi tamamen ka\u00e7\u0131rm\u0131\u015f bulabilirsiniz.<br \/>\nPowerball Avustralya i\u00e7in canl\u0131 \u00e7ekili\u015f kayd\u0131 olup olmad\u0131\u011f\u0131n\u0131 g\u00f6rmek i\u00e7in YouTube&#8217;a da bakabilirsiniz. Bu, \u00e7ekili\u015f yap\u0131ld\u0131ktan sonra sonu\u00e7lar\u0131 bulmak i\u00e7in iyi bir yol olabilir.<br \/>\n<a href=\"https:\/\/redfoxlotto.com\/play\/powerball-au\/?ref=a8564250a2&amp;medium=ol365\" target=\"_blank\" rel=\"noopener noreferrer\"><img decoding=\"async\" class=\"aligncenter\" src=\"https:\/\/redfoxlotto.com\/image?size=8&amp;lottery=powerball-au\" alt=\"Powerball Avustralya\" \/><\/a><br \/>\nBununla birlikte, Powerball Avustralya&#8217;n\u0131n sonu\u00e7lar\u0131n\u0131 bulman\u0131n en iyi yolu web sitemize g\u00f6z atmakt\u0131r. Bu ve elimizde bulunan di\u011fer t\u00fcm oyunlar\u0131n sonu\u00e7lar\u0131n\u0131 bulabileceksiniz, b\u00f6ylece hi\u00e7bir \u015feyi ka\u00e7\u0131rma konusunda endi\u015felenmenize gerek kalmayacak.<\/p>\n<h2>Online biletinizin kazan\u0131p kazanmad\u0131\u011f\u0131n\u0131 nas\u0131l \u00f6\u011frenebilirsiniz?<\/h2>\n<p>Peki ya Powerball Avustralya i\u00e7in kendi biletlerinizi zaten sat\u0131n ald\u0131ysan\u0131z? O zaman kazanan numaralar\u0131 kontrol etmek sizin i\u00e7in daha da kolay. Normal piyango sonu\u00e7lar\u0131 sayfas\u0131n\u0131 kontrol etmek yerine, hesab\u0131n\u0131zdaki biletler sayfas\u0131n\u0131 kontrol edebilirsiniz. Bu, kazanan say\u0131lar\u0131 kendi say\u0131lar\u0131n\u0131zla kar\u015f\u0131la\u015ft\u0131rarak g\u00f6rmenizi sa\u011flayacakt\u0131r, bu da ihtiya\u00e7lar\u0131n\u0131z i\u00e7in daha da iyi olacakt\u0131r.<\/p>\n<p>Biletinizde vurgulanan herhangi bir say\u0131ya bakabilirsiniz, bu da kazanan say\u0131larla e\u015fle\u015ftikleri anlam\u0131na gelir. Ard\u0131ndan, ne kadar kazand\u0131\u011f\u0131n\u0131z\u0131 g\u00f6rebilirsiniz. Ve e\u011fer 2500 \u20ac&#8217;dan az ise, hesab\u0131n\u0131za aynen bu \u015fekilde yat\u0131r\u0131lacakt\u0131r.<\/p>\n<h2>Powerball Avustralya sonu\u00e7lar\u0131 ar\u015fivi<\/h2>\n<p>Web sitemizde, yaln\u0131zca Powerball Avustralya ve daha fazlas\u0131 i\u00e7in mevcut piyango numaralar\u0131n\u0131 de\u011fil, ayn\u0131 zamanda eski numaralar\u0131 da kontrol etmenizi kolayla\u015ft\u0131r\u0131yoruz. \u0130nsanlar\u0131n say\u0131lar\u0131n\u0131 se\u00e7melerinin en pop\u00fcler yollar\u0131ndan biri eski say\u0131lardan baz\u0131lar\u0131na bakmakt\u0131r, bu nedenle bu say\u0131lar\u0131 mevcut kazanan say\u0131lar\u0131 sundu\u011fumuz herhangi bir sayfada bulabilece\u011finizden emin oluruz.<\/p>\n<h2>Biletim kazand\u0131, sonra ne olacak?<\/h2>\n<p>Biletiniz kazand\u0131ysa, arkan\u0131za yaslan\u0131p hakk\u0131n\u0131z olan paray\u0131 alman\u0131za yard\u0131mc\u0131 olmam\u0131za izin vermeniz yeterlidir. 2500\u20ac&#8217;dan az kazand\u0131ysan\u0131z, sonu\u00e7lar do\u011frulan\u0131r do\u011frulanmaz oyuncu hesab\u0131n\u0131za yat\u0131raca\u011f\u0131z. Ard\u0131ndan hesab\u0131n\u0131zda 10 \u20ac oldu\u011fu s\u00fcrece paray\u0131 \u00e7ekebileceksiniz.<\/p>\n","protected":false},"excerpt":{"rendered":"<p>Uluslararas\u0131 piyangolarda sonu\u00e7lar\u0131 gazeteden kontrol etmeyi deneyebilirsiniz, ancak Powerball Avustralya i\u00e7in kazanan numaralar\u0131 yerel gazetenizde bulman\u0131z pek olas\u0131 de\u011fildir. Yerel TV kanallar\u0131n\u0131zda da bulamayabilirsiniz. E\u011fer bulursan\u0131z, do\u011fru kanala ula\u015fmak biraz zaman ve \u00e7aba gerektirecektir. Bir ba\u015fka se\u00e7enek de Powerball Australia&#8217;n\u0131n web sitesini kontrol ederek canl\u0131 bir \u00e7ekili\u015f se\u00e7ene\u011fi sunup sunmad\u0131klar\u0131n\u0131 g\u00f6rmektir. E\u011fer sunuyorlarsa, birlikte izleyebilir [&hellip;]<\/p>\n","protected":false},"author":1,"featured_media":0,"parent":5871,"menu_order":13,"comment_status":"closed","ping_status":"closed","template":"powerball-au-results.php","meta":{"_et_pb_use_builder":"","_et_pb_old_content":"","_et_gb_content_width":"","exclude_from_search":false,"footnotes":""},"class_list":["post-80915","page","type-page","status-publish","hentry"],"yoast_head":"<!-- This site is optimized with the Yoast SEO plugin v23.4 - https:\/\/yoast.com\/wordpress\/plugins\/seo\/ -->\n<title>Powerball Avustralya i\u00e7in en son ve ge\u00e7mi\u015f \u00e7ekili\u015f sonu\u00e7lar\u0131 ve kazanan numaralar<\/title>\n<meta name=\"description\" content=\"Powerball Avustralya kazanan numaralar\u0131n\u0131 \u00e7ekili\u015ften hemen sonra yay\u0131nl\u0131yoruz\" \/>\n<meta name=\"robots\" content=\"index, follow, max-snippet:-1, max-image-preview:large, max-video-preview:-1\" \/>\n<link rel=\"canonical\" href=\"https:\/\/onlinelotto365.com\/tr\/kazanan-numaralar\/powerball-avustralya\/\" \/>\n<meta property=\"og:locale\" content=\"tr_TR\" \/>\n<meta property=\"og:type\" content=\"article\" \/>\n<meta property=\"og:title\" content=\"Powerball Avustralya i\u00e7in en son ve ge\u00e7mi\u015f \u00e7ekili\u015f sonu\u00e7lar\u0131 ve kazanan numaralar\" \/>\n<meta property=\"og:description\" content=\"Powerball Avustralya kazanan numaralar\u0131n\u0131 \u00e7ekili\u015ften hemen sonra yay\u0131nl\u0131yoruz\" \/>\n<meta property=\"og:url\" content=\"https:\/\/onlinelotto365.com\/tr\/kazanan-numaralar\/powerball-avustralya\/\" \/>\n<meta property=\"og:site_name\" content=\"OnlineLotto365\" \/>\n<meta property=\"og:image\" content=\"https:\/\/redfoxlotto.com\/image?size=8&amp;lottery=powerball-au\" \/>\n<meta name=\"twitter:card\" content=\"summary_large_image\" \/>\n<meta name=\"twitter:label1\" content=\"Tahmini okuma s\u00fcresi\" \/>\n\t<meta name=\"twitter:data1\" content=\"2 dakika\" \/>\n<script type=\"application\/ld+json\" class=\"yoast-schema-graph\">{\"@context\":\"https:\/\/schema.org\",\"@graph\":[{\"@type\":\"WebPage\",\"@id\":\"https:\/\/onlinelotto365.com\/tr\/kazanan-numaralar\/powerball-avustralya\/\",\"url\":\"https:\/\/onlinelotto365.com\/tr\/kazanan-numaralar\/powerball-avustralya\/\",\"name\":\"Powerball Avustralya i\u00e7in en son ve ge\u00e7mi\u015f \u00e7ekili\u015f sonu\u00e7lar\u0131 ve kazanan numaralar\",\"isPartOf\":{\"@id\":\"https:\/\/onlinelotto365.com\/tr\/#website\"},\"primaryImageOfPage\":{\"@id\":\"https:\/\/onlinelotto365.com\/tr\/kazanan-numaralar\/powerball-avustralya\/#primaryimage\"},\"image\":{\"@id\":\"https:\/\/onlinelotto365.com\/tr\/kazanan-numaralar\/powerball-avustralya\/#primaryimage\"},\"thumbnailUrl\":\"https:\/\/redfoxlotto.com\/image?size=8&amp;lottery=powerball-au\",\"datePublished\":\"2022-11-23T12:53:23+00:00\",\"dateModified\":\"2022-11-23T12:53:23+00:00\",\"description\":\"Powerball Avustralya kazanan numaralar\u0131n\u0131 \u00e7ekili\u015ften hemen sonra yay\u0131nl\u0131yoruz\",\"breadcrumb\":{\"@id\":\"https:\/\/onlinelotto365.com\/tr\/kazanan-numaralar\/powerball-avustralya\/#breadcrumb\"},\"inLanguage\":\"tr\",\"potentialAction\":[{\"@type\":\"ReadAction\",\"target\":[\"https:\/\/onlinelotto365.com\/tr\/kazanan-numaralar\/powerball-avustralya\/\"]}]},{\"@type\":\"ImageObject\",\"inLanguage\":\"tr\",\"@id\":\"https:\/\/onlinelotto365.com\/tr\/kazanan-numaralar\/powerball-avustralya\/#primaryimage\",\"url\":\"https:\/\/redfoxlotto.com\/image?size=8&amp;lottery=powerball-au\",\"contentUrl\":\"https:\/\/redfoxlotto.com\/image?size=8&amp;lottery=powerball-au\"},{\"@type\":\"BreadcrumbList\",\"@id\":\"https:\/\/onlinelotto365.com\/tr\/kazanan-numaralar\/powerball-avustralya\/#breadcrumb\",\"itemListElement\":[{\"@type\":\"ListItem\",\"position\":1,\"name\":\"Home\",\"item\":\"https:\/\/onlinelotto365.com\/tr\/\"},{\"@type\":\"ListItem\",\"position\":2,\"name\":\"T\u00fcm piyangolari kazanan sayilar\",\"item\":\"https:\/\/onlinelotto365.com\/tr\/kazanan-numaralar\/\"},{\"@type\":\"ListItem\",\"position\":3,\"name\":\"Powerball Avustralya &#8211; en son ve \u00f6nceki kazanan numaralar, sonu\u00e7lar\"}]},{\"@type\":\"WebSite\",\"@id\":\"https:\/\/onlinelotto365.com\/tr\/#website\",\"url\":\"https:\/\/onlinelotto365.com\/tr\/\",\"name\":\"OnlineLotto365\",\"description\":\"\",\"potentialAction\":[{\"@type\":\"SearchAction\",\"target\":{\"@type\":\"EntryPoint\",\"urlTemplate\":\"https:\/\/onlinelotto365.com\/tr\/?s={search_term_string}\"},\"query-input\":{\"@type\":\"PropertyValueSpecification\",\"valueRequired\":true,\"valueName\":\"search_term_string\"}}],\"inLanguage\":\"tr\"}]}<\/script>\n<!-- \/ Yoast SEO plugin. -->","yoast_head_json":{"title":"Powerball Avustralya i\u00e7in en son ve ge\u00e7mi\u015f \u00e7ekili\u015f sonu\u00e7lar\u0131 ve kazanan numaralar","description":"Powerball Avustralya kazanan numaralar\u0131n\u0131 \u00e7ekili\u015ften hemen sonra yay\u0131nl\u0131yoruz","robots":{"index":"index","follow":"follow","max-snippet":"max-snippet:-1","max-image-preview":"max-image-preview:large","max-video-preview":"max-video-preview:-1"},"canonical":"https:\/\/onlinelotto365.com\/tr\/kazanan-numaralar\/powerball-avustralya\/","og_locale":"tr_TR","og_type":"article","og_title":"Powerball Avustralya i\u00e7in en son ve ge\u00e7mi\u015f \u00e7ekili\u015f sonu\u00e7lar\u0131 ve kazanan numaralar","og_description":"Powerball Avustralya kazanan numaralar\u0131n\u0131 \u00e7ekili\u015ften hemen sonra yay\u0131nl\u0131yoruz","og_url":"https:\/\/onlinelotto365.com\/tr\/kazanan-numaralar\/powerball-avustralya\/","og_site_name":"OnlineLotto365","og_image":[{"url":"https:\/\/redfoxlotto.com\/image?size=8&amp;lottery=powerball-au"}],"twitter_card":"summary_large_image","twitter_misc":{"Tahmini okuma s\u00fcresi":"2 dakika"},"schema":{"@context":"https:\/\/schema.org","@graph":[{"@type":"WebPage","@id":"https:\/\/onlinelotto365.com\/tr\/kazanan-numaralar\/powerball-avustralya\/","url":"https:\/\/onlinelotto365.com\/tr\/kazanan-numaralar\/powerball-avustralya\/","name":"Powerball Avustralya i\u00e7in en son ve ge\u00e7mi\u015f \u00e7ekili\u015f sonu\u00e7lar\u0131 ve kazanan numaralar","isPartOf":{"@id":"https:\/\/onlinelotto365.com\/tr\/#website"},"primaryImageOfPage":{"@id":"https:\/\/onlinelotto365.com\/tr\/kazanan-numaralar\/powerball-avustralya\/#primaryimage"},"image":{"@id":"https:\/\/onlinelotto365.com\/tr\/kazanan-numaralar\/powerball-avustralya\/#primaryimage"},"thumbnailUrl":"https:\/\/redfoxlotto.com\/image?size=8&amp;lottery=powerball-au","datePublished":"2022-11-23T12:53:23+00:00","dateModified":"2022-11-23T12:53:23+00:00","description":"Powerball Avustralya kazanan numaralar\u0131n\u0131 \u00e7ekili\u015ften hemen sonra yay\u0131nl\u0131yoruz","breadcrumb":{"@id":"https:\/\/onlinelotto365.com\/tr\/kazanan-numaralar\/powerball-avustralya\/#breadcrumb"},"inLanguage":"tr","potentialAction":[{"@type":"ReadAction","target":["https:\/\/onlinelotto365.com\/tr\/kazanan-numaralar\/powerball-avustralya\/"]}]},{"@type":"ImageObject","inLanguage":"tr","@id":"https:\/\/onlinelotto365.com\/tr\/kazanan-numaralar\/powerball-avustralya\/#primaryimage","url":"https:\/\/redfoxlotto.com\/image?size=8&amp;lottery=powerball-au","contentUrl":"https:\/\/redfoxlotto.com\/image?size=8&amp;lottery=powerball-au"},{"@type":"BreadcrumbList","@id":"https:\/\/onlinelotto365.com\/tr\/kazanan-numaralar\/powerball-avustralya\/#breadcrumb","itemListElement":[{"@type":"ListItem","position":1,"name":"Home","item":"https:\/\/onlinelotto365.com\/tr\/"},{"@type":"ListItem","position":2,"name":"T\u00fcm piyangolari kazanan sayilar","item":"https:\/\/onlinelotto365.com\/tr\/kazanan-numaralar\/"},{"@type":"ListItem","position":3,"name":"Powerball Avustralya &#8211; en son ve \u00f6nceki kazanan numaralar, sonu\u00e7lar"}]},{"@type":"WebSite","@id":"https:\/\/onlinelotto365.com\/tr\/#website","url":"https:\/\/onlinelotto365.com\/tr\/","name":"OnlineLotto365","description":"","potentialAction":[{"@type":"SearchAction","target":{"@type":"EntryPoint","urlTemplate":"https:\/\/onlinelotto365.com\/tr\/?s={search_term_string}"},"query-input":{"@type":"PropertyValueSpecification","valueRequired":true,"valueName":"search_term_string"}}],"inLanguage":"tr"}]}},"_links":{"self":[{"href":"https:\/\/onlinelotto365.com\/tr\/wp-json\/wp\/v2\/pages\/80915","targetHints":{"allow":["GET"]}}],"collection":[{"href":"https:\/\/onlinelotto365.com\/tr\/wp-json\/wp\/v2\/pages"}],"about":[{"href":"https:\/\/onlinelotto365.com\/tr\/wp-json\/wp\/v2\/types\/page"}],"author":[{"embeddable":true,"href":"https:\/\/onlinelotto365.com\/tr\/wp-json\/wp\/v2\/users\/1"}],"replies":[{"embeddable":true,"href":"https:\/\/onlinelotto365.com\/tr\/wp-json\/wp\/v2\/comments?post=80915"}],"version-history":[{"count":0,"href":"https:\/\/onlinelotto365.com\/tr\/wp-json\/wp\/v2\/pages\/80915\/revisions"}],"up":[{"embeddable":true,"href":"https:\/\/onlinelotto365.com\/tr\/wp-json\/wp\/v2\/pages\/5871"}],"wp:attachment":[{"href":"https:\/\/onlinelotto365.com\/tr\/wp-json\/wp\/v2\/media?parent=80915"}],"curies":[{"name":"wp","href":"https:\/\/api.w.org\/{rel}","templated":true}]}}