{"id":80948,"date":"2022-11-23T22:12:11","date_gmt":"2022-11-23T21:12:11","guid":{"rendered":"https:\/\/onlinelotto365.com\/?page_id=80948"},"modified":"2022-11-23T22:12:11","modified_gmt":"2022-11-23T21:12:11","slug":"oz-lotto","status":"publish","type":"page","link":"https:\/\/onlinelotto365.com\/tr\/kazanan-numaralar\/oz-lotto\/","title":{"rendered":"Oz Lotto&#8217;dan kazanan numaralar"},"content":{"rendered":"<p>Web sitemizde \u00e7ok say\u0131da uluslararas\u0131 piyango se\u00e7ene\u011fi mevcuttur ve bu oyunlar\u0131 oynarken kazanan numaralar\u0131 kontrol edebildi\u011finizden emin olmak istersiniz. Bunun bir yolu gazetedir, ancak Oz Lotto sonu\u00e7lar\u0131n\u0131 gazetede bulmak zor olabilir. Di\u011fer bir se\u00e7enek de televizyondur, ancak \u00e7ekili\u015fi izlemek veya sonu\u00e7lar\u0131 g\u00f6rmek i\u00e7in do\u011fru kanal\u0131 bulmak da \u00e7o\u011fu insan i\u00e7in zor bir durum olabilir.<br \/>\n<a href=\"https:\/\/redfoxlotto.com\/play\/oz-lotto\/?ref=a8564250a2&amp;medium=ol365\" target=\"_blank\" rel=\"noopener noreferrer\"><img decoding=\"async\" class=\"aligncenter\" src=\"https:\/\/redfoxlotto.com\/image?size=8&amp;lottery=oz-lotto\" alt=\"Oz Lotto\" \/><\/a><br \/>\nDaha sonra, Oz Lotto i\u00e7in resmi web sitesini kontrol edebilir ve sonu\u00e7lar\u0131 oradan al\u0131p alamayaca\u011f\u0131n\u0131z\u0131 g\u00f6rebilirsiniz. Baz\u0131 oyunlar \u00e7ekili\u015fi web sitelerinden canl\u0131 olarak izlemenize izin verir. Ancak bunun t\u00fcm loto oyunlar\u0131nda m\u00fcmk\u00fcn olmad\u0131\u011f\u0131n\u0131 ve kendinizi bu f\u0131rsattan yoksun bulabilece\u011finizi unutmay\u0131n.<\/p>\n<p>\u00c7ekili\u015f ger\u00e7ekle\u015ftikten sonra bazen en son Oz Lotto \u00e7ekili\u015finin sonu\u00e7lar\u0131 i\u00e7in YouTube&#8217;da bir arama yapabilirsiniz. Bunlar da her zaman mevcut de\u011fildir, ancak bazen birisi canl\u0131 \u00e7ekili\u015fin veya say\u0131lar\u0131n bir videosunu yay\u0131nlar.<\/p>\n<p>Ancak en son kazanan numaralar\u0131 \u00f6\u011frenmek istiyorsan\u0131z yapabilece\u011finiz en iyi \u015fey web sitemizi ve loto sonu\u00e7lar\u0131 sayfam\u0131z\u0131 kontrol etmektir. Nereye bakaca\u011f\u0131n\u0131z\u0131 bilmeniz i\u00e7in web sitemizden sat\u0131n alabilece\u011finiz her piyango oyununun sonu\u00e7lar\u0131n\u0131 buraya koyuyoruz.<\/p>\n<h2>Online biletinizin kazan\u0131p kazanmad\u0131\u011f\u0131n\u0131 nas\u0131l \u00f6\u011frenebilirsiniz?<\/h2>\n<p>Sundu\u011fumuz oyunlardan herhangi birine bilet sat\u0131n alm\u0131\u015f olanlar hesab\u0131n\u0131za giri\u015f yapabilir ve biletlerinizin sakland\u0131\u011f\u0131 sayfaya gidebilirler. Bu sayfa size ihtiyac\u0131n\u0131z olan t\u00fcm bilgileri verecektir. Loto biletlerinizin yan\u0131 s\u0131ra kazanan numaralar\u0131 da g\u00f6rebileceksiniz.<br \/>\nHerhangi bir say\u0131yla e\u015fle\u015fecek kadar \u015fansl\u0131ysan\u0131z, e\u015fle\u015fen say\u0131lar\u0131n ekran\u0131n\u0131zda vurguland\u0131\u011f\u0131n\u0131 da g\u00f6receksiniz. E\u015fle\u015fen say\u0131lar\u0131n miktar\u0131n\u0131 ve ne kadar \u00f6d\u00fcl kazand\u0131\u011f\u0131n\u0131z\u0131 kontrol edebilirsiniz. E\u011fer 2500 \u20ac&#8217;dan az ise, hesab\u0131n\u0131za bakabilir ve sonu\u00e7lar do\u011frulan\u0131r do\u011frulanmaz oyuncu hesab\u0131n\u0131zda bulabilirsiniz.<\/p>\n<h2>Oz Lotto sonu\u00e7lar\u0131 ar\u015fivi<\/h2>\n<p>Oz Lotto veya di\u011fer piyango oyunlar\u0131ndan eski say\u0131lara bakmak isteyenler i\u00e7in, mevcut say\u0131lar\u0131n g\u00f6sterildi\u011fi herhangi bir sayfaya ba\u011fl\u0131 ar\u015fivleri kolayca bulabilirsiniz. Bu, gelecekteki se\u00e7imlerinizde size yard\u0131mc\u0131 olmak i\u00e7in arad\u0131\u011f\u0131n\u0131z say\u0131lar\u0131 bulman\u0131z\u0131 kolayla\u015ft\u0131r\u0131r.<\/p>\n<h2>Biletim kazand\u0131, sonra ne olacak?<\/h2>\n<p><img loading=\"lazy\" decoding=\"async\" class=\"alignright wp-image-3624\" src=\"https:\/\/onlinelotto365.com\/wp-content\/uploads\/2020\/11\/online_lottery-74-200x300.jpg\" alt=\"oz loto kazanan numaralar\" width=\"123\" height=\"185\" srcset=\"https:\/\/onlinelotto365.com\/wp-content\/uploads\/2020\/11\/online_lottery-74-200x300.jpg 200w, https:\/\/onlinelotto365.com\/wp-content\/uploads\/2020\/11\/online_lottery-74.jpg 320w\" sizes=\"auto, (max-width: 123px) 100vw, 123px\" \/><br \/>\nBiletiniz kazanan numaralarla e\u015fle\u015firse kazanc\u0131n\u0131z\u0131 nas\u0131l alabilece\u011finizden bahsetmi\u015ftik, ancak \u015fimdi biraz daha yak\u0131ndan bakal\u0131m. De\u011feri 2500 \u20ac&#8217;dan az olan bir biletiniz varsa, kazanan numaralar do\u011frulan\u0131r do\u011frulanmaz paran\u0131n otomatik olarak hesab\u0131n\u0131za eklendi\u011fini g\u00f6receksiniz.<\/p>\n<p>Ard\u0131ndan, hesab\u0131n\u0131zda en az 10 \u20ac varsa, hesab\u0131n\u0131zda zaten kulland\u0131\u011f\u0131n\u0131z herhangi bir \u00f6deme y\u00f6ntemini kullanarak bu paray\u0131 \u00e7ekebilirsiniz. Kimli\u011finizi do\u011frulamak i\u00e7in birka\u00e7 form doldurman\u0131z yeterlidir ve paran\u0131z hi\u00e7 vakit kaybetmeden hesab\u0131n\u0131zda olacakt\u0131r. Ya da paray\u0131 oldu\u011fu yerde b\u0131rakabilir ve daha sonra daha fazla bilet almak i\u00e7in kullanabilirsiniz.<\/p>\n","protected":false},"excerpt":{"rendered":"<p>Web sitemizde \u00e7ok say\u0131da uluslararas\u0131 piyango se\u00e7ene\u011fi mevcuttur ve bu oyunlar\u0131 oynarken kazanan numaralar\u0131 kontrol edebildi\u011finizden emin olmak istersiniz. Bunun bir yolu gazetedir, ancak Oz Lotto sonu\u00e7lar\u0131n\u0131 gazetede bulmak zor olabilir. Di\u011fer bir se\u00e7enek de televizyondur, ancak \u00e7ekili\u015fi izlemek veya sonu\u00e7lar\u0131 g\u00f6rmek i\u00e7in do\u011fru kanal\u0131 bulmak da \u00e7o\u011fu insan i\u00e7in zor bir durum olabilir. Daha [&hellip;]<\/p>\n","protected":false},"author":1,"featured_media":0,"parent":5871,"menu_order":14,"comment_status":"closed","ping_status":"closed","template":"template-rightsidebar.php","meta":{"_et_pb_use_builder":"","_et_pb_old_content":"","_et_gb_content_width":"","exclude_from_search":false,"footnotes":""},"class_list":["post-80948","page","type-page","status-publish","hentry"],"yoast_head":"<!-- This site is optimized with the Yoast SEO plugin v23.4 - https:\/\/yoast.com\/wordpress\/plugins\/seo\/ -->\n<title>Oz Loto \u00e7ekili\u015f sonu\u00e7lar\u0131 ve \u00f6d\u00fclleri<\/title>\n<meta name=\"description\" content=\"Oz Lotto \u00e7ekili\u015f sonu\u00e7lar\u0131n\u0131 m\u0131 ar\u0131yorsunuz? \u0130\u015fte kazanan numaralar\" \/>\n<meta name=\"robots\" content=\"index, follow, max-snippet:-1, max-image-preview:large, max-video-preview:-1\" \/>\n<link rel=\"canonical\" href=\"https:\/\/onlinelotto365.com\/tr\/kazanan-numaralar\/oz-lotto\/\" \/>\n<meta property=\"og:locale\" content=\"tr_TR\" \/>\n<meta property=\"og:type\" content=\"article\" \/>\n<meta property=\"og:title\" content=\"Oz Loto \u00e7ekili\u015f sonu\u00e7lar\u0131 ve \u00f6d\u00fclleri\" \/>\n<meta property=\"og:description\" content=\"Oz Lotto \u00e7ekili\u015f sonu\u00e7lar\u0131n\u0131 m\u0131 ar\u0131yorsunuz? \u0130\u015fte kazanan numaralar\" \/>\n<meta property=\"og:url\" content=\"https:\/\/onlinelotto365.com\/tr\/kazanan-numaralar\/oz-lotto\/\" \/>\n<meta property=\"og:site_name\" content=\"OnlineLotto365\" \/>\n<meta property=\"og:image\" content=\"https:\/\/redfoxlotto.com\/image?size=8&amp;lottery=oz-lotto\" \/>\n<meta name=\"twitter:card\" content=\"summary_large_image\" \/>\n<meta name=\"twitter:label1\" content=\"Tahmini okuma s\u00fcresi\" \/>\n\t<meta name=\"twitter:data1\" content=\"2 dakika\" \/>\n<script type=\"application\/ld+json\" class=\"yoast-schema-graph\">{\"@context\":\"https:\/\/schema.org\",\"@graph\":[{\"@type\":\"WebPage\",\"@id\":\"https:\/\/onlinelotto365.com\/tr\/kazanan-numaralar\/oz-lotto\/\",\"url\":\"https:\/\/onlinelotto365.com\/tr\/kazanan-numaralar\/oz-lotto\/\",\"name\":\"Oz Loto \u00e7ekili\u015f sonu\u00e7lar\u0131 ve \u00f6d\u00fclleri\",\"isPartOf\":{\"@id\":\"https:\/\/onlinelotto365.com\/tr\/#website\"},\"primaryImageOfPage\":{\"@id\":\"https:\/\/onlinelotto365.com\/tr\/kazanan-numaralar\/oz-lotto\/#primaryimage\"},\"image\":{\"@id\":\"https:\/\/onlinelotto365.com\/tr\/kazanan-numaralar\/oz-lotto\/#primaryimage\"},\"thumbnailUrl\":\"https:\/\/redfoxlotto.com\/image?size=8&amp;lottery=oz-lotto\",\"datePublished\":\"2022-11-23T21:12:11+00:00\",\"dateModified\":\"2022-11-23T21:12:11+00:00\",\"description\":\"Oz Lotto \u00e7ekili\u015f sonu\u00e7lar\u0131n\u0131 m\u0131 ar\u0131yorsunuz? \u0130\u015fte kazanan numaralar\",\"breadcrumb\":{\"@id\":\"https:\/\/onlinelotto365.com\/tr\/kazanan-numaralar\/oz-lotto\/#breadcrumb\"},\"inLanguage\":\"tr\",\"potentialAction\":[{\"@type\":\"ReadAction\",\"target\":[\"https:\/\/onlinelotto365.com\/tr\/kazanan-numaralar\/oz-lotto\/\"]}]},{\"@type\":\"ImageObject\",\"inLanguage\":\"tr\",\"@id\":\"https:\/\/onlinelotto365.com\/tr\/kazanan-numaralar\/oz-lotto\/#primaryimage\",\"url\":\"https:\/\/redfoxlotto.com\/image?size=8&amp;lottery=oz-lotto\",\"contentUrl\":\"https:\/\/redfoxlotto.com\/image?size=8&amp;lottery=oz-lotto\"},{\"@type\":\"BreadcrumbList\",\"@id\":\"https:\/\/onlinelotto365.com\/tr\/kazanan-numaralar\/oz-lotto\/#breadcrumb\",\"itemListElement\":[{\"@type\":\"ListItem\",\"position\":1,\"name\":\"Home\",\"item\":\"https:\/\/onlinelotto365.com\/tr\/\"},{\"@type\":\"ListItem\",\"position\":2,\"name\":\"T\u00fcm piyangolari kazanan sayilar\",\"item\":\"https:\/\/onlinelotto365.com\/tr\/kazanan-numaralar\/\"},{\"@type\":\"ListItem\",\"position\":3,\"name\":\"Oz Lotto&#8217;dan kazanan numaralar\"}]},{\"@type\":\"WebSite\",\"@id\":\"https:\/\/onlinelotto365.com\/tr\/#website\",\"url\":\"https:\/\/onlinelotto365.com\/tr\/\",\"name\":\"OnlineLotto365\",\"description\":\"\",\"potentialAction\":[{\"@type\":\"SearchAction\",\"target\":{\"@type\":\"EntryPoint\",\"urlTemplate\":\"https:\/\/onlinelotto365.com\/tr\/?s={search_term_string}\"},\"query-input\":{\"@type\":\"PropertyValueSpecification\",\"valueRequired\":true,\"valueName\":\"search_term_string\"}}],\"inLanguage\":\"tr\"}]}<\/script>\n<!-- \/ Yoast SEO plugin. -->","yoast_head_json":{"title":"Oz Loto \u00e7ekili\u015f sonu\u00e7lar\u0131 ve \u00f6d\u00fclleri","description":"Oz Lotto \u00e7ekili\u015f sonu\u00e7lar\u0131n\u0131 m\u0131 ar\u0131yorsunuz? \u0130\u015fte kazanan numaralar","robots":{"index":"index","follow":"follow","max-snippet":"max-snippet:-1","max-image-preview":"max-image-preview:large","max-video-preview":"max-video-preview:-1"},"canonical":"https:\/\/onlinelotto365.com\/tr\/kazanan-numaralar\/oz-lotto\/","og_locale":"tr_TR","og_type":"article","og_title":"Oz Loto \u00e7ekili\u015f sonu\u00e7lar\u0131 ve \u00f6d\u00fclleri","og_description":"Oz Lotto \u00e7ekili\u015f sonu\u00e7lar\u0131n\u0131 m\u0131 ar\u0131yorsunuz? \u0130\u015fte kazanan numaralar","og_url":"https:\/\/onlinelotto365.com\/tr\/kazanan-numaralar\/oz-lotto\/","og_site_name":"OnlineLotto365","og_image":[{"url":"https:\/\/redfoxlotto.com\/image?size=8&amp;lottery=oz-lotto"}],"twitter_card":"summary_large_image","twitter_misc":{"Tahmini okuma s\u00fcresi":"2 dakika"},"schema":{"@context":"https:\/\/schema.org","@graph":[{"@type":"WebPage","@id":"https:\/\/onlinelotto365.com\/tr\/kazanan-numaralar\/oz-lotto\/","url":"https:\/\/onlinelotto365.com\/tr\/kazanan-numaralar\/oz-lotto\/","name":"Oz Loto \u00e7ekili\u015f sonu\u00e7lar\u0131 ve \u00f6d\u00fclleri","isPartOf":{"@id":"https:\/\/onlinelotto365.com\/tr\/#website"},"primaryImageOfPage":{"@id":"https:\/\/onlinelotto365.com\/tr\/kazanan-numaralar\/oz-lotto\/#primaryimage"},"image":{"@id":"https:\/\/onlinelotto365.com\/tr\/kazanan-numaralar\/oz-lotto\/#primaryimage"},"thumbnailUrl":"https:\/\/redfoxlotto.com\/image?size=8&amp;lottery=oz-lotto","datePublished":"2022-11-23T21:12:11+00:00","dateModified":"2022-11-23T21:12:11+00:00","description":"Oz Lotto \u00e7ekili\u015f sonu\u00e7lar\u0131n\u0131 m\u0131 ar\u0131yorsunuz? \u0130\u015fte kazanan numaralar","breadcrumb":{"@id":"https:\/\/onlinelotto365.com\/tr\/kazanan-numaralar\/oz-lotto\/#breadcrumb"},"inLanguage":"tr","potentialAction":[{"@type":"ReadAction","target":["https:\/\/onlinelotto365.com\/tr\/kazanan-numaralar\/oz-lotto\/"]}]},{"@type":"ImageObject","inLanguage":"tr","@id":"https:\/\/onlinelotto365.com\/tr\/kazanan-numaralar\/oz-lotto\/#primaryimage","url":"https:\/\/redfoxlotto.com\/image?size=8&amp;lottery=oz-lotto","contentUrl":"https:\/\/redfoxlotto.com\/image?size=8&amp;lottery=oz-lotto"},{"@type":"BreadcrumbList","@id":"https:\/\/onlinelotto365.com\/tr\/kazanan-numaralar\/oz-lotto\/#breadcrumb","itemListElement":[{"@type":"ListItem","position":1,"name":"Home","item":"https:\/\/onlinelotto365.com\/tr\/"},{"@type":"ListItem","position":2,"name":"T\u00fcm piyangolari kazanan sayilar","item":"https:\/\/onlinelotto365.com\/tr\/kazanan-numaralar\/"},{"@type":"ListItem","position":3,"name":"Oz Lotto&#8217;dan kazanan numaralar"}]},{"@type":"WebSite","@id":"https:\/\/onlinelotto365.com\/tr\/#website","url":"https:\/\/onlinelotto365.com\/tr\/","name":"OnlineLotto365","description":"","potentialAction":[{"@type":"SearchAction","target":{"@type":"EntryPoint","urlTemplate":"https:\/\/onlinelotto365.com\/tr\/?s={search_term_string}"},"query-input":{"@type":"PropertyValueSpecification","valueRequired":true,"valueName":"search_term_string"}}],"inLanguage":"tr"}]}},"_links":{"self":[{"href":"https:\/\/onlinelotto365.com\/tr\/wp-json\/wp\/v2\/pages\/80948","targetHints":{"allow":["GET"]}}],"collection":[{"href":"https:\/\/onlinelotto365.com\/tr\/wp-json\/wp\/v2\/pages"}],"about":[{"href":"https:\/\/onlinelotto365.com\/tr\/wp-json\/wp\/v2\/types\/page"}],"author":[{"embeddable":true,"href":"https:\/\/onlinelotto365.com\/tr\/wp-json\/wp\/v2\/users\/1"}],"replies":[{"embeddable":true,"href":"https:\/\/onlinelotto365.com\/tr\/wp-json\/wp\/v2\/comments?post=80948"}],"version-history":[{"count":0,"href":"https:\/\/onlinelotto365.com\/tr\/wp-json\/wp\/v2\/pages\/80948\/revisions"}],"up":[{"embeddable":true,"href":"https:\/\/onlinelotto365.com\/tr\/wp-json\/wp\/v2\/pages\/5871"}],"wp:attachment":[{"href":"https:\/\/onlinelotto365.com\/tr\/wp-json\/wp\/v2\/media?parent=80948"}],"curies":[{"name":"wp","href":"https:\/\/api.w.org\/{rel}","templated":true}]}}