{"id":80978,"date":"2022-11-25T09:19:07","date_gmt":"2022-11-25T08:19:07","guid":{"rendered":"https:\/\/onlinelotto365.com\/?page_id=80978"},"modified":"2022-11-25T09:19:07","modified_gmt":"2022-11-25T08:19:07","slug":"saturday-lotto-australia","status":"publish","type":"page","link":"https:\/\/onlinelotto365.com\/tr\/kazanan-numaralar\/saturday-lotto-australia\/","title":{"rendered":"Avustralya Cumartesi Loto&#8217;su i\u00e7in kazanan numaralar\u0131 ve tutarlar\u0131 kontrol edin"},"content":{"rendered":"<p>Web sitemizde pek \u00e7ok farkl\u0131 uluslararas\u0131 oyun bulunmaktad\u0131r ve kazanan numaralar\u0131 m\u00fcmk\u00fcn oldu\u011funca \u00e7abuk bulmak istedi\u011finizi biliyoruz. Gazete, Avustralya Cumartesi Loto&#8217;sunda kazanan numaralar\u0131 bulmak i\u00e7in genellikle iyi bir yer de\u011fildir. TV kanallar\u0131na bakmak ve bu oyun i\u00e7in do\u011fru olan\u0131 bulmay\u0131 ummak da pek iyi de\u011fildir. Peki sonu\u00e7lar\u0131n\u0131z\u0131 almak i\u00e7in nereye gideceksiniz?<br \/>\n<a href=\"https:\/\/redfoxlotto.com\/play\/saturday-lotto-au\/?ref=a8564250a2&amp;medium=ol365\" target=\"_blank\" rel=\"noopener noreferrer\"><img decoding=\"async\" class=\"aligncenter\" src=\"https:\/\/redfoxlotto.com\/image?size=8&amp;lottery=saturday-lotto-au\" alt=\"Cumartesi Loto Avustralya\" \/><\/a><br \/>\nPiyango web sitesi bakabilece\u011finiz bir yerdir. Baz\u0131 piyango oyunlar\u0131 \u00e7ekili\u015flerinin canl\u0131 yay\u0131nlar\u0131n\u0131 sunar, ancak Avustralya Cumartesi Loto&#8217;su bunlardan biri olmayabilir. Emin olmak i\u00e7in web sitesini kontrol etmeli ve \u00e7ekili\u015fi canl\u0131 olarak sunuyorlarsa do\u011fru zamanda izledi\u011finizden emin olmal\u0131s\u0131n\u0131z.<br \/>\nSon olarak, \u00e7ekili\u015f zaten tamamlanm\u0131\u015fsa, birisinin zaten yay\u0131nlad\u0131\u011f\u0131 sonu\u00e7lar\u0131 bulmak i\u00e7in YouTube&#8217;da bir arama yapabilirsiniz. Ellerinde canl\u0131 \u00e7ekili\u015fin bir videosu olabilir.<\/p>\n<p>Ancak arad\u0131\u011f\u0131n\u0131z sonu\u00e7lara ula\u015fman\u0131n en kolay yolu do\u011frudan web sitemize geri d\u00f6nmektir. Avustralya Cumartesi Loto&#8217;sunun yan\u0131 s\u0131ra oynamak istedi\u011finiz di\u011fer oyunlar i\u00e7in de t\u00fcm say\u0131lar\u0131 burada bulabilirsiniz. Say\u0131lar piyango sonu\u00e7lar\u0131 sayfam\u0131zda mevcuttur ve bulunmas\u0131 kolayd\u0131r.<\/p>\n<h2>Online biletinizin kazan\u0131p kazanmad\u0131\u011f\u0131n\u0131 nas\u0131l \u00f6\u011frenebilirsiniz?<\/h2>\n<p>Web sitemizden Avustralya Cumartesi Loto&#8217;su i\u00e7in daha \u00f6nce bilet sat\u0131n alm\u0131\u015f olan herkes daha da kolay bir zaman ge\u00e7irecek \u00e7\u00fcnk\u00fc sadece hesab\u0131n\u0131za girebilirsiniz. Giri\u015f yap\u0131n ve biletlerinizin kay\u0131tl\u0131 oldu\u011fu sayfaya g\u00f6z at\u0131n. Yaln\u0131zca bilet numaralar\u0131n\u0131z\u0131 de\u011fil, oynad\u0131\u011f\u0131n\u0131z herhangi bir oyunun kazanan numaralar\u0131n\u0131 da bulacaks\u0131n\u0131z.<\/p>\n<p>Buradan, sizin i\u00e7in farkl\u0131 renklerle i\u015faretleyece\u011fimiz e\u015fle\u015fmeleri arayabilirsiniz. Bu \u015fekilde ne kadar kazand\u0131\u011f\u0131n\u0131z\u0131 ve paran\u0131n hesab\u0131n\u0131zda nerede oldu\u011funu g\u00f6rebilirsiniz. E\u011fer 2500\u20ac&#8217;nun alt\u0131ndaysa, hi\u00e7bir \u015fey yapman\u0131za gerek kalmadan paray\u0131 sizin i\u00e7in hesab\u0131n\u0131za yat\u0131r\u0131yoruz.<\/p>\n<h2>Avustralya Cumartesi Loto sonu\u00e7lar\u0131 ar\u015fivi<\/h2>\n<p>Avustralya Cumartesi Loto&#8217;sunun eski say\u0131lar\u0131na bakmak isteyenler i\u00e7in endi\u015felenmenize gerek yok. G\u00fcncel loto sonu\u00e7lar\u0131n\u0131 g\u00f6sterdi\u011fimiz herhangi bir sayfaya ekleyerek ar\u015fivleri bulman\u0131n kolay olmas\u0131n\u0131 sa\u011fl\u0131yoruz. Bu \u015fekilde, uzun zaman \u00f6ncesinden bile istedi\u011finiz numaralar\u0131 kontrol edebilirsiniz.<\/p>\n<h2>Biletim kazand\u0131, sonra ne olacak?<\/h2>\n<p><img loading=\"lazy\" decoding=\"async\" class=\"alignright wp-image-3649\" src=\"https:\/\/onlinelotto365.com\/wp-content\/uploads\/2020\/11\/online_lottery-90-300x225.jpg\" alt=\"kazanan numaralar cumartesi loto avustralya\" width=\"207\" height=\"155\" srcset=\"https:\/\/onlinelotto365.com\/wp-content\/uploads\/2020\/11\/online_lottery-90-300x225.jpg 300w, https:\/\/onlinelotto365.com\/wp-content\/uploads\/2020\/11\/online_lottery-90.jpg 320w\" sizes=\"auto, (max-width: 207px) 100vw, 207px\" \/><br \/>\nPiyango biletlerinizden elde edebilece\u011finiz kazan\u00e7lardan daha \u00f6nce bahsetmi\u015ftik. Bu kazan\u00e7lar 2500 \u20ac&#8217;dan azsa, onlar\u0131 talep etmek i\u00e7in hi\u00e7bir \u015fey yapman\u0131za gerek yoktur. Paray\u0131 sizin i\u00e7in hemen oyuncu hesab\u0131n\u0131za yat\u0131raca\u011f\u0131z. E\u011fer kazanc\u0131n\u0131z 2500 \u20ac&#8217;dan fazlaysa, talep etme s\u00fcrecinde size yard\u0131mc\u0131 olaca\u011f\u0131z.<\/p>\n<p>Hesab\u0131n\u0131zda en az 10 \u20ac oldu\u011fu s\u00fcrece istedi\u011finiz paray\u0131 \u00e7ekebilece\u011finizi de unutmay\u0131n. Tek yapman\u0131z gereken, hesab\u0131n\u0131zda daha \u00f6nce kulland\u0131\u011f\u0131n\u0131z bir \u00f6deme y\u00f6ntemini se\u00e7mek ve \u00f6deme i\u015flemcimiz i\u00e7in birka\u00e7 do\u011frulama formu doldurmakt\u0131r.<\/p>\n","protected":false},"excerpt":{"rendered":"<p>Web sitemizde pek \u00e7ok farkl\u0131 uluslararas\u0131 oyun bulunmaktad\u0131r ve kazanan numaralar\u0131 m\u00fcmk\u00fcn oldu\u011funca \u00e7abuk bulmak istedi\u011finizi biliyoruz. Gazete, Avustralya Cumartesi Loto&#8217;sunda kazanan numaralar\u0131 bulmak i\u00e7in genellikle iyi bir yer de\u011fildir. TV kanallar\u0131na bakmak ve bu oyun i\u00e7in do\u011fru olan\u0131 bulmay\u0131 ummak da pek iyi de\u011fildir. Peki sonu\u00e7lar\u0131n\u0131z\u0131 almak i\u00e7in nereye gideceksiniz? Piyango web sitesi bakabilece\u011finiz [&hellip;]<\/p>\n","protected":false},"author":1,"featured_media":0,"parent":5871,"menu_order":15,"comment_status":"closed","ping_status":"closed","template":"saturday-lotto-results.php","meta":{"_et_pb_use_builder":"","_et_pb_old_content":"","_et_gb_content_width":"","exclude_from_search":false,"footnotes":""},"class_list":["post-80978","page","type-page","status-publish","hentry"],"yoast_head":"<!-- This site is optimized with the Yoast SEO plugin v23.4 - https:\/\/yoast.com\/wordpress\/plugins\/seo\/ -->\n<title>Avustralya Cumartesi Loto&#039;su i\u00e7in kazanan numaralar\u0131 ve tutarlar\u0131 kontrol edin<\/title>\n<meta name=\"description\" content=\"\u00c7ekili\u015f sonu\u00e7lar\u0131, kazanan numaralar Cumartesi loto Avustralya, art\u0131 sonu\u00e7 ar\u015fivi\" \/>\n<meta name=\"robots\" content=\"index, follow, max-snippet:-1, max-image-preview:large, max-video-preview:-1\" \/>\n<link rel=\"canonical\" href=\"https:\/\/onlinelotto365.com\/tr\/kazanan-numaralar\/saturday-lotto-australia\/\" \/>\n<meta property=\"og:locale\" content=\"tr_TR\" \/>\n<meta property=\"og:type\" content=\"article\" \/>\n<meta property=\"og:title\" content=\"Avustralya Cumartesi Loto&#039;su i\u00e7in kazanan numaralar\u0131 ve tutarlar\u0131 kontrol edin\" \/>\n<meta property=\"og:description\" content=\"\u00c7ekili\u015f sonu\u00e7lar\u0131, kazanan numaralar Cumartesi loto Avustralya, art\u0131 sonu\u00e7 ar\u015fivi\" \/>\n<meta property=\"og:url\" content=\"https:\/\/onlinelotto365.com\/tr\/kazanan-numaralar\/saturday-lotto-australia\/\" \/>\n<meta property=\"og:site_name\" content=\"OnlineLotto365\" \/>\n<meta property=\"og:image\" content=\"https:\/\/redfoxlotto.com\/image?size=8&amp;lottery=saturday-lotto-au\" \/>\n<meta name=\"twitter:card\" content=\"summary_large_image\" \/>\n<meta name=\"twitter:label1\" content=\"Tahmini okuma s\u00fcresi\" \/>\n\t<meta name=\"twitter:data1\" content=\"2 dakika\" \/>\n<script type=\"application\/ld+json\" class=\"yoast-schema-graph\">{\"@context\":\"https:\/\/schema.org\",\"@graph\":[{\"@type\":\"WebPage\",\"@id\":\"https:\/\/onlinelotto365.com\/tr\/kazanan-numaralar\/saturday-lotto-australia\/\",\"url\":\"https:\/\/onlinelotto365.com\/tr\/kazanan-numaralar\/saturday-lotto-australia\/\",\"name\":\"Avustralya Cumartesi Loto'su i\u00e7in kazanan numaralar\u0131 ve tutarlar\u0131 kontrol edin\",\"isPartOf\":{\"@id\":\"https:\/\/onlinelotto365.com\/tr\/#website\"},\"primaryImageOfPage\":{\"@id\":\"https:\/\/onlinelotto365.com\/tr\/kazanan-numaralar\/saturday-lotto-australia\/#primaryimage\"},\"image\":{\"@id\":\"https:\/\/onlinelotto365.com\/tr\/kazanan-numaralar\/saturday-lotto-australia\/#primaryimage\"},\"thumbnailUrl\":\"https:\/\/redfoxlotto.com\/image?size=8&amp;lottery=saturday-lotto-au\",\"datePublished\":\"2022-11-25T08:19:07+00:00\",\"dateModified\":\"2022-11-25T08:19:07+00:00\",\"description\":\"\u00c7ekili\u015f sonu\u00e7lar\u0131, kazanan numaralar Cumartesi loto Avustralya, art\u0131 sonu\u00e7 ar\u015fivi\",\"breadcrumb\":{\"@id\":\"https:\/\/onlinelotto365.com\/tr\/kazanan-numaralar\/saturday-lotto-australia\/#breadcrumb\"},\"inLanguage\":\"tr\",\"potentialAction\":[{\"@type\":\"ReadAction\",\"target\":[\"https:\/\/onlinelotto365.com\/tr\/kazanan-numaralar\/saturday-lotto-australia\/\"]}]},{\"@type\":\"ImageObject\",\"inLanguage\":\"tr\",\"@id\":\"https:\/\/onlinelotto365.com\/tr\/kazanan-numaralar\/saturday-lotto-australia\/#primaryimage\",\"url\":\"https:\/\/redfoxlotto.com\/image?size=8&amp;lottery=saturday-lotto-au\",\"contentUrl\":\"https:\/\/redfoxlotto.com\/image?size=8&amp;lottery=saturday-lotto-au\"},{\"@type\":\"BreadcrumbList\",\"@id\":\"https:\/\/onlinelotto365.com\/tr\/kazanan-numaralar\/saturday-lotto-australia\/#breadcrumb\",\"itemListElement\":[{\"@type\":\"ListItem\",\"position\":1,\"name\":\"Home\",\"item\":\"https:\/\/onlinelotto365.com\/tr\/\"},{\"@type\":\"ListItem\",\"position\":2,\"name\":\"T\u00fcm piyangolari kazanan sayilar\",\"item\":\"https:\/\/onlinelotto365.com\/tr\/kazanan-numaralar\/\"},{\"@type\":\"ListItem\",\"position\":3,\"name\":\"Avustralya Cumartesi Loto&#8217;su i\u00e7in kazanan numaralar\u0131 ve tutarlar\u0131 kontrol edin\"}]},{\"@type\":\"WebSite\",\"@id\":\"https:\/\/onlinelotto365.com\/tr\/#website\",\"url\":\"https:\/\/onlinelotto365.com\/tr\/\",\"name\":\"OnlineLotto365\",\"description\":\"\",\"potentialAction\":[{\"@type\":\"SearchAction\",\"target\":{\"@type\":\"EntryPoint\",\"urlTemplate\":\"https:\/\/onlinelotto365.com\/tr\/?s={search_term_string}\"},\"query-input\":{\"@type\":\"PropertyValueSpecification\",\"valueRequired\":true,\"valueName\":\"search_term_string\"}}],\"inLanguage\":\"tr\"}]}<\/script>\n<!-- \/ Yoast SEO plugin. -->","yoast_head_json":{"title":"Avustralya Cumartesi Loto'su i\u00e7in kazanan numaralar\u0131 ve tutarlar\u0131 kontrol edin","description":"\u00c7ekili\u015f sonu\u00e7lar\u0131, kazanan numaralar Cumartesi loto Avustralya, art\u0131 sonu\u00e7 ar\u015fivi","robots":{"index":"index","follow":"follow","max-snippet":"max-snippet:-1","max-image-preview":"max-image-preview:large","max-video-preview":"max-video-preview:-1"},"canonical":"https:\/\/onlinelotto365.com\/tr\/kazanan-numaralar\/saturday-lotto-australia\/","og_locale":"tr_TR","og_type":"article","og_title":"Avustralya Cumartesi Loto'su i\u00e7in kazanan numaralar\u0131 ve tutarlar\u0131 kontrol edin","og_description":"\u00c7ekili\u015f sonu\u00e7lar\u0131, kazanan numaralar Cumartesi loto Avustralya, art\u0131 sonu\u00e7 ar\u015fivi","og_url":"https:\/\/onlinelotto365.com\/tr\/kazanan-numaralar\/saturday-lotto-australia\/","og_site_name":"OnlineLotto365","og_image":[{"url":"https:\/\/redfoxlotto.com\/image?size=8&amp;lottery=saturday-lotto-au"}],"twitter_card":"summary_large_image","twitter_misc":{"Tahmini okuma s\u00fcresi":"2 dakika"},"schema":{"@context":"https:\/\/schema.org","@graph":[{"@type":"WebPage","@id":"https:\/\/onlinelotto365.com\/tr\/kazanan-numaralar\/saturday-lotto-australia\/","url":"https:\/\/onlinelotto365.com\/tr\/kazanan-numaralar\/saturday-lotto-australia\/","name":"Avustralya Cumartesi Loto'su i\u00e7in kazanan numaralar\u0131 ve tutarlar\u0131 kontrol edin","isPartOf":{"@id":"https:\/\/onlinelotto365.com\/tr\/#website"},"primaryImageOfPage":{"@id":"https:\/\/onlinelotto365.com\/tr\/kazanan-numaralar\/saturday-lotto-australia\/#primaryimage"},"image":{"@id":"https:\/\/onlinelotto365.com\/tr\/kazanan-numaralar\/saturday-lotto-australia\/#primaryimage"},"thumbnailUrl":"https:\/\/redfoxlotto.com\/image?size=8&amp;lottery=saturday-lotto-au","datePublished":"2022-11-25T08:19:07+00:00","dateModified":"2022-11-25T08:19:07+00:00","description":"\u00c7ekili\u015f sonu\u00e7lar\u0131, kazanan numaralar Cumartesi loto Avustralya, art\u0131 sonu\u00e7 ar\u015fivi","breadcrumb":{"@id":"https:\/\/onlinelotto365.com\/tr\/kazanan-numaralar\/saturday-lotto-australia\/#breadcrumb"},"inLanguage":"tr","potentialAction":[{"@type":"ReadAction","target":["https:\/\/onlinelotto365.com\/tr\/kazanan-numaralar\/saturday-lotto-australia\/"]}]},{"@type":"ImageObject","inLanguage":"tr","@id":"https:\/\/onlinelotto365.com\/tr\/kazanan-numaralar\/saturday-lotto-australia\/#primaryimage","url":"https:\/\/redfoxlotto.com\/image?size=8&amp;lottery=saturday-lotto-au","contentUrl":"https:\/\/redfoxlotto.com\/image?size=8&amp;lottery=saturday-lotto-au"},{"@type":"BreadcrumbList","@id":"https:\/\/onlinelotto365.com\/tr\/kazanan-numaralar\/saturday-lotto-australia\/#breadcrumb","itemListElement":[{"@type":"ListItem","position":1,"name":"Home","item":"https:\/\/onlinelotto365.com\/tr\/"},{"@type":"ListItem","position":2,"name":"T\u00fcm piyangolari kazanan sayilar","item":"https:\/\/onlinelotto365.com\/tr\/kazanan-numaralar\/"},{"@type":"ListItem","position":3,"name":"Avustralya Cumartesi Loto&#8217;su i\u00e7in kazanan numaralar\u0131 ve tutarlar\u0131 kontrol edin"}]},{"@type":"WebSite","@id":"https:\/\/onlinelotto365.com\/tr\/#website","url":"https:\/\/onlinelotto365.com\/tr\/","name":"OnlineLotto365","description":"","potentialAction":[{"@type":"SearchAction","target":{"@type":"EntryPoint","urlTemplate":"https:\/\/onlinelotto365.com\/tr\/?s={search_term_string}"},"query-input":{"@type":"PropertyValueSpecification","valueRequired":true,"valueName":"search_term_string"}}],"inLanguage":"tr"}]}},"_links":{"self":[{"href":"https:\/\/onlinelotto365.com\/tr\/wp-json\/wp\/v2\/pages\/80978","targetHints":{"allow":["GET"]}}],"collection":[{"href":"https:\/\/onlinelotto365.com\/tr\/wp-json\/wp\/v2\/pages"}],"about":[{"href":"https:\/\/onlinelotto365.com\/tr\/wp-json\/wp\/v2\/types\/page"}],"author":[{"embeddable":true,"href":"https:\/\/onlinelotto365.com\/tr\/wp-json\/wp\/v2\/users\/1"}],"replies":[{"embeddable":true,"href":"https:\/\/onlinelotto365.com\/tr\/wp-json\/wp\/v2\/comments?post=80978"}],"version-history":[{"count":0,"href":"https:\/\/onlinelotto365.com\/tr\/wp-json\/wp\/v2\/pages\/80978\/revisions"}],"up":[{"embeddable":true,"href":"https:\/\/onlinelotto365.com\/tr\/wp-json\/wp\/v2\/pages\/5871"}],"wp:attachment":[{"href":"https:\/\/onlinelotto365.com\/tr\/wp-json\/wp\/v2\/media?parent=80978"}],"curies":[{"name":"wp","href":"https:\/\/api.w.org\/{rel}","templated":true}]}}