{"id":81012,"date":"2022-11-25T10:27:19","date_gmt":"2022-11-25T09:27:19","guid":{"rendered":"https:\/\/onlinelotto365.com\/?page_id=81012"},"modified":"2022-11-25T10:27:19","modified_gmt":"2022-11-25T09:27:19","slug":"mon-wed-lotto","status":"publish","type":"page","link":"https:\/\/onlinelotto365.com\/tr\/kazanan-numaralar\/mon-wed-lotto\/","title":{"rendered":"T\u00fcm Pzt &#038; \u00c7ar Loto Avustralya sonu\u00e7lar\u0131"},"content":{"rendered":"<p>Piyango s\u00f6z konusu oldu\u011funda oynayabilece\u011finiz pek \u00e7ok farkl\u0131 uluslararas\u0131 oyun var. Ve bunlar\u0131n sonu\u00e7lar\u0131n\u0131 olabildi\u011fince \u00e7abuk alabilmek istersiniz. Bunu yapman\u0131n bir yolu, Mon &amp; Wed Lotto Australia kazanan numaralar\u0131n\u0131 sunan bir gazete aramakt\u0131r. Ancak bunlar\u0131 bulmak zor olabilir. Ba\u015fka bir se\u00e7enek de televizyondur, ancak bu kanallar da zor olabilir. Peki ya \u00e7ok fazla ara\u015ft\u0131rma yapmak istemiyorsan\u0131z?<br \/>\n<a href=\"https:\/\/redfoxlotto.com\/play\/monday-wednesday-lotto-au\/?ref=a8564250a2&amp;medium=ol365\" target=\"_blank\" rel=\"noopener noreferrer\"><img decoding=\"async\" class=\"aligncenter\" src=\"https:\/\/redfoxlotto.com\/image?size=8&amp;lottery=monday-wednesday-lotto-au\" alt=\"Pzt &amp;amp; \u00c7ar Loto Avustralya\" \/><\/a><\/p>\n<p>Canl\u0131 \u00e7ekili\u015fler sunup sunmad\u0131klar\u0131n\u0131 g\u00f6rmek i\u00e7in Mon &amp; Wed Lotto Australia web sitesine g\u00f6z at\u0131n. Herhangi bir oyun i\u00e7in canl\u0131 \u00e7ekili\u015fler \u00e7ok e\u011flenceli olabilir \u00e7\u00fcnk\u00fc izlerken size \u00e7ok fazla anl\u0131k heyecan verirler. Ancak her oyun bu t\u00fcr \u00e7ekili\u015fler sunmaz. Mon &amp; Wed Lotto&#8217;nun bu \u00f6zelli\u011fe sahip oyunlardan biri oldu\u011fundan emin olman\u0131z gerekir.<\/p>\n<p>Ard\u0131ndan, sonu\u00e7lar\u0131n orada bulunup bulunamayaca\u011f\u0131n\u0131 g\u00f6rmek i\u00e7in YouTube&#8217;a g\u00f6z atmay\u0131 se\u00e7ebilirsiniz. Baz\u0131 insanlar\u0131n \u00e7ekili\u015f sonu\u00e7lar\u0131n\u0131 ve hatta hemen hemen her oyun i\u00e7in \u00e7ekili\u015flerin canl\u0131 videolar\u0131n\u0131 nas\u0131l yay\u0131nlad\u0131klar\u0131na \u015fa\u015f\u0131rabilirsiniz.<\/p>\n<p>Ancak sizin i\u00e7in en kolay se\u00e7enek web sitemize bakmak olacakt\u0131r. Web sitemizde sat\u0131n alabilece\u011finiz her oyun i\u00e7in t\u00fcm kazanan numaralar\u0131 ve \u00f6d\u00fcl miktarlar\u0131n\u0131 sunuyoruz. Bu, sonu\u00e7lar\u0131 tek bir yerden ve istedi\u011finiz kadar h\u0131zl\u0131 bir \u015fekilde alman\u0131z\u0131 \u00e7ok daha kolay hale getirir.<\/p>\n<h2>Online biletinizin kazan\u0131p kazanmad\u0131\u011f\u0131n\u0131 nas\u0131l \u00f6\u011frenebilirsiniz?<\/h2>\n<p>Daha da iyi haber \u015fu ki, Avustralya Pzt &amp; \u00c7ar Loto&#8217;su i\u00e7in bizden bir bilet sat\u0131n ald\u0131ysan\u0131z, sonu\u00e7lar\u0131 almak i\u00e7in do\u011frudan oyuncu hesab\u0131n\u0131za gidebilirsiniz. Orada sat\u0131n ald\u0131\u011f\u0131n\u0131z biletlerin yan\u0131 s\u0131ra oynamay\u0131 se\u00e7ti\u011finiz oyunlar\u0131n kazanan numaralar\u0131n\u0131 da bulacaks\u0131n\u0131z.<\/p>\n<p>\u00c7ekilen say\u0131larla e\u015fle\u015fen se\u00e7ti\u011finiz say\u0131lar\u0131 g\u00f6rebileceksiniz ve kazand\u0131\u011f\u0131n\u0131z 2500 \u20ac&#8217;dan az olan herhangi bir para otomatik olarak hesab\u0131n\u0131za eklenecektir. Bundan daha kolay ne olabilir?<\/p>\n<h2>Avustralya Pzt &amp; \u00c7ar Loto sonu\u00e7lar\u0131 ar\u015fivi<\/h2>\n<p>Web sitemizde en son Mon &amp; Wed Lotto Australia sonu\u00e7lar\u0131n\u0131 g\u00f6steren herhangi bir sayfa, kontrol etmek isteyebilece\u011finiz eski say\u0131lar\u0131 da g\u00f6sterecektir. Bunlar, bir dahaki sefere bilet ald\u0131\u011f\u0131n\u0131zda oynamak istedi\u011finiz say\u0131lar\u0131 se\u00e7me konusunda size yard\u0131mc\u0131 olabilir.<\/p>\n<h2>Biletim kazand\u0131, sonra ne olacak?<\/h2>\n<p><img loading=\"lazy\" decoding=\"async\" class=\"alignright wp-image-3542\" src=\"https:\/\/onlinelotto365.com\/wp-content\/uploads\/2020\/11\/online_lottery-154-300x200.jpg\" alt=\"Pzt &amp;amp; \u00c7ar Loto kazanan numaralar\" width=\"197\" height=\"131\" srcset=\"https:\/\/onlinelotto365.com\/wp-content\/uploads\/2020\/11\/online_lottery-154-300x200.jpg 300w, https:\/\/onlinelotto365.com\/wp-content\/uploads\/2020\/11\/online_lottery-154.jpg 320w\" sizes=\"auto, (max-width: 197px) 100vw, 197px\" \/><br \/>\nBiletinizden kazand\u0131ysan\u0131z, ne kadar kazanmaya hakk\u0131n\u0131z oldu\u011funa bakman\u0131z yeterlidir. E\u011fer 2500 \u20ac&#8217;dan az ise, m\u00fcmk\u00fcn olan en k\u0131sa s\u00fcrede onaylanmas\u0131n\u0131 ve hesab\u0131n\u0131za ge\u00e7mesini sa\u011flayaca\u011f\u0131z. Ard\u0131ndan, hesab\u0131n\u0131zda en az 10 \u20ac varsa, hesab\u0131n\u0131zla daha \u00f6nce kulland\u0131\u011f\u0131n\u0131z herhangi bir \u00f6deme y\u00f6ntemiyle \u00e7ekebilirsiniz. \u00d6deme i\u015flemcimizin kim oldu\u011funuzu ve paray\u0131 almaya hakk\u0131n\u0131z oldu\u011funu bilmesini sa\u011flayacak birka\u00e7 belgeyle ilgilenmeniz yeterlidir. 10 \u20ac&#8217;dan az paran\u0131z varsa veya paray\u0131 hesab\u0131n\u0131zda b\u0131rakmay\u0131 tercih ederseniz, daha fazla bilet sat\u0131n almak i\u00e7in kullanabilirsiniz.<\/p>\n","protected":false},"excerpt":{"rendered":"<p>Piyango s\u00f6z konusu oldu\u011funda oynayabilece\u011finiz pek \u00e7ok farkl\u0131 uluslararas\u0131 oyun var. Ve bunlar\u0131n sonu\u00e7lar\u0131n\u0131 olabildi\u011fince \u00e7abuk alabilmek istersiniz. Bunu yapman\u0131n bir yolu, Mon &amp; Wed Lotto Australia kazanan numaralar\u0131n\u0131 sunan bir gazete aramakt\u0131r. Ancak bunlar\u0131 bulmak zor olabilir. Ba\u015fka bir se\u00e7enek de televizyondur, ancak bu kanallar da zor olabilir. Peki ya \u00e7ok fazla ara\u015ft\u0131rma yapmak [&hellip;]<\/p>\n","protected":false},"author":1,"featured_media":0,"parent":5871,"menu_order":16,"comment_status":"closed","ping_status":"closed","template":"template-rightsidebar.php","meta":{"_et_pb_use_builder":"","_et_pb_old_content":"","_et_gb_content_width":"","exclude_from_search":false,"footnotes":""},"class_list":["post-81012","page","type-page","status-publish","hentry"],"yoast_head":"<!-- This site is optimized with the Yoast SEO plugin v23.4 - https:\/\/yoast.com\/wordpress\/plugins\/seo\/ -->\n<title>Pazartesi ve \u00c7ar\u015famba Avustralya Loto kazanan numaralar<\/title>\n<meta name=\"description\" content=\"Sitemiz size Pazartesi ve \u00c7ar\u015famba lotolar\u0131 i\u00e7in en son kazanan numaralar\u0131 ve miktarlar\u0131 sunar\" \/>\n<meta name=\"robots\" content=\"index, follow, max-snippet:-1, max-image-preview:large, max-video-preview:-1\" \/>\n<link rel=\"canonical\" href=\"https:\/\/onlinelotto365.com\/tr\/kazanan-numaralar\/mon-wed-lotto\/\" \/>\n<meta property=\"og:locale\" content=\"tr_TR\" \/>\n<meta property=\"og:type\" content=\"article\" \/>\n<meta property=\"og:title\" content=\"Pazartesi ve \u00c7ar\u015famba Avustralya Loto kazanan numaralar\" \/>\n<meta property=\"og:description\" content=\"Sitemiz size Pazartesi ve \u00c7ar\u015famba lotolar\u0131 i\u00e7in en son kazanan numaralar\u0131 ve miktarlar\u0131 sunar\" \/>\n<meta property=\"og:url\" content=\"https:\/\/onlinelotto365.com\/tr\/kazanan-numaralar\/mon-wed-lotto\/\" \/>\n<meta property=\"og:site_name\" content=\"OnlineLotto365\" \/>\n<meta property=\"og:image\" content=\"https:\/\/redfoxlotto.com\/image?size=8&amp;lottery=monday-wednesday-lotto-au\" \/>\n<meta name=\"twitter:card\" content=\"summary_large_image\" \/>\n<meta name=\"twitter:label1\" content=\"Tahmini okuma s\u00fcresi\" \/>\n\t<meta name=\"twitter:data1\" content=\"2 dakika\" \/>\n<script type=\"application\/ld+json\" class=\"yoast-schema-graph\">{\"@context\":\"https:\/\/schema.org\",\"@graph\":[{\"@type\":\"WebPage\",\"@id\":\"https:\/\/onlinelotto365.com\/tr\/kazanan-numaralar\/mon-wed-lotto\/\",\"url\":\"https:\/\/onlinelotto365.com\/tr\/kazanan-numaralar\/mon-wed-lotto\/\",\"name\":\"Pazartesi ve \u00c7ar\u015famba Avustralya Loto kazanan numaralar\",\"isPartOf\":{\"@id\":\"https:\/\/onlinelotto365.com\/tr\/#website\"},\"primaryImageOfPage\":{\"@id\":\"https:\/\/onlinelotto365.com\/tr\/kazanan-numaralar\/mon-wed-lotto\/#primaryimage\"},\"image\":{\"@id\":\"https:\/\/onlinelotto365.com\/tr\/kazanan-numaralar\/mon-wed-lotto\/#primaryimage\"},\"thumbnailUrl\":\"https:\/\/redfoxlotto.com\/image?size=8&amp;lottery=monday-wednesday-lotto-au\",\"datePublished\":\"2022-11-25T09:27:19+00:00\",\"dateModified\":\"2022-11-25T09:27:19+00:00\",\"description\":\"Sitemiz size Pazartesi ve \u00c7ar\u015famba lotolar\u0131 i\u00e7in en son kazanan numaralar\u0131 ve miktarlar\u0131 sunar\",\"breadcrumb\":{\"@id\":\"https:\/\/onlinelotto365.com\/tr\/kazanan-numaralar\/mon-wed-lotto\/#breadcrumb\"},\"inLanguage\":\"tr\",\"potentialAction\":[{\"@type\":\"ReadAction\",\"target\":[\"https:\/\/onlinelotto365.com\/tr\/kazanan-numaralar\/mon-wed-lotto\/\"]}]},{\"@type\":\"ImageObject\",\"inLanguage\":\"tr\",\"@id\":\"https:\/\/onlinelotto365.com\/tr\/kazanan-numaralar\/mon-wed-lotto\/#primaryimage\",\"url\":\"https:\/\/redfoxlotto.com\/image?size=8&amp;lottery=monday-wednesday-lotto-au\",\"contentUrl\":\"https:\/\/redfoxlotto.com\/image?size=8&amp;lottery=monday-wednesday-lotto-au\"},{\"@type\":\"BreadcrumbList\",\"@id\":\"https:\/\/onlinelotto365.com\/tr\/kazanan-numaralar\/mon-wed-lotto\/#breadcrumb\",\"itemListElement\":[{\"@type\":\"ListItem\",\"position\":1,\"name\":\"Home\",\"item\":\"https:\/\/onlinelotto365.com\/tr\/\"},{\"@type\":\"ListItem\",\"position\":2,\"name\":\"T\u00fcm piyangolari kazanan sayilar\",\"item\":\"https:\/\/onlinelotto365.com\/tr\/kazanan-numaralar\/\"},{\"@type\":\"ListItem\",\"position\":3,\"name\":\"T\u00fcm Pzt &#038; \u00c7ar Loto Avustralya sonu\u00e7lar\u0131\"}]},{\"@type\":\"WebSite\",\"@id\":\"https:\/\/onlinelotto365.com\/tr\/#website\",\"url\":\"https:\/\/onlinelotto365.com\/tr\/\",\"name\":\"OnlineLotto365\",\"description\":\"\",\"potentialAction\":[{\"@type\":\"SearchAction\",\"target\":{\"@type\":\"EntryPoint\",\"urlTemplate\":\"https:\/\/onlinelotto365.com\/tr\/?s={search_term_string}\"},\"query-input\":{\"@type\":\"PropertyValueSpecification\",\"valueRequired\":true,\"valueName\":\"search_term_string\"}}],\"inLanguage\":\"tr\"}]}<\/script>\n<!-- \/ Yoast SEO plugin. -->","yoast_head_json":{"title":"Pazartesi ve \u00c7ar\u015famba Avustralya Loto kazanan numaralar","description":"Sitemiz size Pazartesi ve \u00c7ar\u015famba lotolar\u0131 i\u00e7in en son kazanan numaralar\u0131 ve miktarlar\u0131 sunar","robots":{"index":"index","follow":"follow","max-snippet":"max-snippet:-1","max-image-preview":"max-image-preview:large","max-video-preview":"max-video-preview:-1"},"canonical":"https:\/\/onlinelotto365.com\/tr\/kazanan-numaralar\/mon-wed-lotto\/","og_locale":"tr_TR","og_type":"article","og_title":"Pazartesi ve \u00c7ar\u015famba Avustralya Loto kazanan numaralar","og_description":"Sitemiz size Pazartesi ve \u00c7ar\u015famba lotolar\u0131 i\u00e7in en son kazanan numaralar\u0131 ve miktarlar\u0131 sunar","og_url":"https:\/\/onlinelotto365.com\/tr\/kazanan-numaralar\/mon-wed-lotto\/","og_site_name":"OnlineLotto365","og_image":[{"url":"https:\/\/redfoxlotto.com\/image?size=8&amp;lottery=monday-wednesday-lotto-au"}],"twitter_card":"summary_large_image","twitter_misc":{"Tahmini okuma s\u00fcresi":"2 dakika"},"schema":{"@context":"https:\/\/schema.org","@graph":[{"@type":"WebPage","@id":"https:\/\/onlinelotto365.com\/tr\/kazanan-numaralar\/mon-wed-lotto\/","url":"https:\/\/onlinelotto365.com\/tr\/kazanan-numaralar\/mon-wed-lotto\/","name":"Pazartesi ve \u00c7ar\u015famba Avustralya Loto kazanan numaralar","isPartOf":{"@id":"https:\/\/onlinelotto365.com\/tr\/#website"},"primaryImageOfPage":{"@id":"https:\/\/onlinelotto365.com\/tr\/kazanan-numaralar\/mon-wed-lotto\/#primaryimage"},"image":{"@id":"https:\/\/onlinelotto365.com\/tr\/kazanan-numaralar\/mon-wed-lotto\/#primaryimage"},"thumbnailUrl":"https:\/\/redfoxlotto.com\/image?size=8&amp;lottery=monday-wednesday-lotto-au","datePublished":"2022-11-25T09:27:19+00:00","dateModified":"2022-11-25T09:27:19+00:00","description":"Sitemiz size Pazartesi ve \u00c7ar\u015famba lotolar\u0131 i\u00e7in en son kazanan numaralar\u0131 ve miktarlar\u0131 sunar","breadcrumb":{"@id":"https:\/\/onlinelotto365.com\/tr\/kazanan-numaralar\/mon-wed-lotto\/#breadcrumb"},"inLanguage":"tr","potentialAction":[{"@type":"ReadAction","target":["https:\/\/onlinelotto365.com\/tr\/kazanan-numaralar\/mon-wed-lotto\/"]}]},{"@type":"ImageObject","inLanguage":"tr","@id":"https:\/\/onlinelotto365.com\/tr\/kazanan-numaralar\/mon-wed-lotto\/#primaryimage","url":"https:\/\/redfoxlotto.com\/image?size=8&amp;lottery=monday-wednesday-lotto-au","contentUrl":"https:\/\/redfoxlotto.com\/image?size=8&amp;lottery=monday-wednesday-lotto-au"},{"@type":"BreadcrumbList","@id":"https:\/\/onlinelotto365.com\/tr\/kazanan-numaralar\/mon-wed-lotto\/#breadcrumb","itemListElement":[{"@type":"ListItem","position":1,"name":"Home","item":"https:\/\/onlinelotto365.com\/tr\/"},{"@type":"ListItem","position":2,"name":"T\u00fcm piyangolari kazanan sayilar","item":"https:\/\/onlinelotto365.com\/tr\/kazanan-numaralar\/"},{"@type":"ListItem","position":3,"name":"T\u00fcm Pzt &#038; \u00c7ar Loto Avustralya sonu\u00e7lar\u0131"}]},{"@type":"WebSite","@id":"https:\/\/onlinelotto365.com\/tr\/#website","url":"https:\/\/onlinelotto365.com\/tr\/","name":"OnlineLotto365","description":"","potentialAction":[{"@type":"SearchAction","target":{"@type":"EntryPoint","urlTemplate":"https:\/\/onlinelotto365.com\/tr\/?s={search_term_string}"},"query-input":{"@type":"PropertyValueSpecification","valueRequired":true,"valueName":"search_term_string"}}],"inLanguage":"tr"}]}},"_links":{"self":[{"href":"https:\/\/onlinelotto365.com\/tr\/wp-json\/wp\/v2\/pages\/81012","targetHints":{"allow":["GET"]}}],"collection":[{"href":"https:\/\/onlinelotto365.com\/tr\/wp-json\/wp\/v2\/pages"}],"about":[{"href":"https:\/\/onlinelotto365.com\/tr\/wp-json\/wp\/v2\/types\/page"}],"author":[{"embeddable":true,"href":"https:\/\/onlinelotto365.com\/tr\/wp-json\/wp\/v2\/users\/1"}],"replies":[{"embeddable":true,"href":"https:\/\/onlinelotto365.com\/tr\/wp-json\/wp\/v2\/comments?post=81012"}],"version-history":[{"count":0,"href":"https:\/\/onlinelotto365.com\/tr\/wp-json\/wp\/v2\/pages\/81012\/revisions"}],"up":[{"embeddable":true,"href":"https:\/\/onlinelotto365.com\/tr\/wp-json\/wp\/v2\/pages\/5871"}],"wp:attachment":[{"href":"https:\/\/onlinelotto365.com\/tr\/wp-json\/wp\/v2\/media?parent=81012"}],"curies":[{"name":"wp","href":"https:\/\/api.w.org\/{rel}","templated":true}]}}