{"id":81181,"date":"2022-11-25T14:59:50","date_gmt":"2022-11-25T13:59:50","guid":{"rendered":"https:\/\/onlinelotto365.com\/?page_id=81181"},"modified":"2022-11-25T14:59:50","modified_gmt":"2022-11-25T13:59:50","slug":"kazanan-sayilar","status":"publish","type":"page","link":"https:\/\/onlinelotto365.com\/tr\/kazanan-numaralar\/kazanan-sayilar\/","title":{"rendered":"Eurojackpot kazanan numaralar\u0131 buradan kontrol edin"},"content":{"rendered":"<p>Web sitemizde bir\u00e7ok farkl\u0131 uluslararas\u0131 piyango mevcut, bu da say\u0131lar\u0131 ve sonu\u00e7lar\u0131 bulman\u0131n baz\u0131lar\u0131 i\u00e7in zor olabilece\u011fi anlam\u0131na geliyor. Say\u0131lar\u0131 ba\u015fka bir yerde bulmak s\u00f6z konusu oldu\u011funda, i\u015fler daha da k\u00f6t\u00fc olabilir. Eurojackpot sonu\u00e7lar\u0131n\u0131 muhtemelen yerel gazetenizde bulamayacaks\u0131n\u0131z ve TV&#8217;de de bulmak zor olabilir. \u00d6zellikle de genellikle canl\u0131 yay\u0131nlanmad\u0131klar\u0131 i\u00e7in.<br \/>\n<a href=\"https:\/\/redfoxlotto.com\/play\/eurojackpot\/?ref=a8564250a2&amp;medium=ol365\" target=\"_blank\" rel=\"noopener noreferrer\"><img decoding=\"async\" class=\"aligncenter\" src=\"https:\/\/redfoxlotto.com\/image?size=8&amp;lottery=eurojackpot\" alt=\"eurojackpot\" \/><\/a><br \/>\nAyr\u0131ca, sonu\u00e7lar\u0131n ve \u00e7ekili\u015fin canl\u0131 yay\u0131n\u0131na eri\u015fmenizi sa\u011flayan Eurojackpot piyango web sitesini de kontrol edebilirsiniz. Bu \u00e7ok e\u011flenceli olabilir ve kazan\u0131p kazanmad\u0131\u011f\u0131n\u0131z\u0131 \u00e7ok daha h\u0131zl\u0131 \u00f6\u011frenmenizi sa\u011flar. Ancak bu her zaman m\u00fcmk\u00fcn de\u011fildir ve do\u011fru zamanlamaya sahip olman\u0131z gerekir.<\/p>\n<p>\u00c7ekili\u015ften sonra numaralar\u0131 ar\u0131yorsan\u0131z, \u00e7ekili\u015fin mevcut olup olmad\u0131\u011f\u0131n\u0131 veya birinin kazanan numaralar\u0131 i\u00e7eren bir videosu olup olmad\u0131\u011f\u0131n\u0131 g\u00f6rmek i\u00e7in her zaman YouTube&#8217;u kontrol edebilirsiniz.<\/p>\n<p>Kazanan numaralar\u0131 bulman\u0131n ve hatta t\u00fcm \u00f6d\u00fclleri ve sonu\u00e7lar\u0131 g\u00f6rmenin en kolay yolu, piyango sonu\u00e7lar\u0131 sayfam\u0131zdaki piyango sonu\u00e7lar\u0131 sayfas\u0131ndaki web sitemizi ziyaret etmektir. Orada Eurojackpot ve sundu\u011fumuz di\u011fer t\u00fcm oyunlar\u0131n t\u00fcm kazanan numaralar\u0131n\u0131 bulacaks\u0131n\u0131z.<\/p>\n<h2>Kazan\u0131p kazanmad\u0131\u011f\u0131n\u0131z\u0131 nas\u0131l anlars\u0131n\u0131z?<\/h2>\n<p>Eurojackpot i\u00e7in bir bilet ald\u0131n\u0131z m\u0131? E\u011fer ald\u0131ysan\u0131z, sonu\u00e7lar sayfas\u0131na gitmenize bile gerek yok. Sadece hesab\u0131n\u0131za gidin ve kazanan numaralar\u0131 biletinizin hemen yan\u0131nda g\u00f6receksiniz. Hatta hangi say\u0131lar\u0131n do\u011fru, hangilerinin yanl\u0131\u015f oldu\u011funu ve sonu\u00e7 olarak ne kadar kazand\u0131\u011f\u0131n\u0131z\u0131 da g\u00f6rebileceksiniz. E\u011fer 2.500 \u20ac&#8217;dan az kazand\u0131ysan\u0131z, piyango numaralar\u0131 onaylan\u0131r onaylanmaz para hemen hesab\u0131n\u0131za yat\u0131r\u0131lacakt\u0131r.<\/p>\n<p>Web sitemiz size en son Eurojackpot sonu\u00e7lar\u0131n\u0131 g\u00f6sterecek, ancak daha eski \u00e7ekili\u015fleri kontrol etmeniz i\u00e7in de bir\u00e7ok se\u00e7enek sunacakt\u0131r. B\u00f6ylece daha eski biletleri kontrol edebilir veya bir dahaki sefere bilet ald\u0131\u011f\u0131n\u0131zda denemek i\u00e7in en iyi say\u0131lar\u0131 ar\u0131yorsan\u0131z. Asl\u0131nda bu, insanlar\u0131n kulland\u0131\u011f\u0131 en pop\u00fcler piyango stratejilerinden biridir.<\/p>\n<h2>Biletim kazand\u0131, sonra ne olacak?<\/h2>\n<p>Daha \u00f6nce 2.500 avronun alt\u0131ndaki \u00f6d\u00fcllerden bahsetmi\u015ftik. Bu \u00f6d\u00fcller hemen hesab\u0131n\u0131za yat\u0131r\u0131l\u0131r ve daha sonra daha fazla bilet almay\u0131 veya paran\u0131n tamam\u0131n\u0131 veya bir k\u0131sm\u0131n\u0131 \u00e7ekmeyi se\u00e7ebilirsiniz. Tek yapman\u0131z gereken, paray\u0131 istedi\u011finiz y\u00f6ntemle \u00e7ekebilmek i\u00e7in hesab\u0131n\u0131zda en az 10 \u20ac bulundu\u011fundan emin olmakt\u0131r.<\/p>\n<p>Paray\u0131 banka hesab\u0131n\u0131za veya kredi kart\u0131n\u0131za \u00e7ekmeyi se\u00e7ebilirsiniz ve biz de bunu sizin i\u00e7in kolayla\u015ft\u0131r\u0131yoruz. Paran\u0131z\u0131 alabilmenizi istiyoruz, ancak paray\u0131 hesab\u0131n\u0131za aktarmak i\u00e7in birka\u00e7 ad\u0131m atmam\u0131z gerekiyor. Sonu\u00e7ta, \u00e7evrimi\u00e7i para transferleri kat\u0131 d\u00fczenlemelere tabidir.<\/p>\n","protected":false},"excerpt":{"rendered":"<p>Web sitemizde bir\u00e7ok farkl\u0131 uluslararas\u0131 piyango mevcut, bu da say\u0131lar\u0131 ve sonu\u00e7lar\u0131 bulman\u0131n baz\u0131lar\u0131 i\u00e7in zor olabilece\u011fi anlam\u0131na geliyor. Say\u0131lar\u0131 ba\u015fka bir yerde bulmak s\u00f6z konusu oldu\u011funda, i\u015fler daha da k\u00f6t\u00fc olabilir. Eurojackpot sonu\u00e7lar\u0131n\u0131 muhtemelen yerel gazetenizde bulamayacaks\u0131n\u0131z ve TV&#8217;de de bulmak zor olabilir. \u00d6zellikle de genellikle canl\u0131 yay\u0131nlanmad\u0131klar\u0131 i\u00e7in. Ayr\u0131ca, sonu\u00e7lar\u0131n ve \u00e7ekili\u015fin canl\u0131 [&hellip;]<\/p>\n","protected":false},"author":1,"featured_media":0,"parent":5871,"menu_order":0,"comment_status":"closed","ping_status":"closed","template":"eurojackpot-results.php","meta":{"_et_pb_use_builder":"","_et_pb_old_content":"","_et_gb_content_width":"","exclude_from_search":false,"footnotes":""},"class_list":["post-81181","page","type-page","status-publish","hentry"],"yoast_head":"<!-- This site is optimized with the Yoast SEO plugin v23.4 - https:\/\/yoast.com\/wordpress\/plugins\/seo\/ -->\n<title>Kazand\u0131ran numaralar Eurojackpot | Eurojackpot i\u00e7in \u00e7ekili\u015f sonu\u00e7lar\u0131n\u0131 ve kazan\u00e7lar\u0131 buradan kontrol edin<\/title>\n<meta name=\"description\" content=\"Eurojackpot sonu\u00e7lar\u0131n\u0131 ve kazanan numaralar\u0131, ayr\u0131ca ge\u00e7mi\u015f \u00e7ekili\u015fler i\u00e7in bir ar\u015fiv yay\u0131nl\u0131yoruz\" \/>\n<meta name=\"robots\" content=\"index, follow, max-snippet:-1, max-image-preview:large, max-video-preview:-1\" \/>\n<link rel=\"canonical\" href=\"https:\/\/onlinelotto365.com\/tr\/kazanan-numaralar\/kazanan-sayilar\/\" \/>\n<meta property=\"og:locale\" content=\"tr_TR\" \/>\n<meta property=\"og:type\" content=\"article\" \/>\n<meta property=\"og:title\" content=\"Kazand\u0131ran numaralar Eurojackpot | Eurojackpot i\u00e7in \u00e7ekili\u015f sonu\u00e7lar\u0131n\u0131 ve kazan\u00e7lar\u0131 buradan kontrol edin\" \/>\n<meta property=\"og:description\" content=\"Eurojackpot sonu\u00e7lar\u0131n\u0131 ve kazanan numaralar\u0131, ayr\u0131ca ge\u00e7mi\u015f \u00e7ekili\u015fler i\u00e7in bir ar\u015fiv yay\u0131nl\u0131yoruz\" \/>\n<meta property=\"og:url\" content=\"https:\/\/onlinelotto365.com\/tr\/kazanan-numaralar\/kazanan-sayilar\/\" \/>\n<meta property=\"og:site_name\" content=\"OnlineLotto365\" \/>\n<meta property=\"og:image\" content=\"https:\/\/redfoxlotto.com\/image?size=8&amp;lottery=eurojackpot\" \/>\n<meta name=\"twitter:card\" content=\"summary_large_image\" \/>\n<meta name=\"twitter:label1\" content=\"Tahmini okuma s\u00fcresi\" \/>\n\t<meta name=\"twitter:data1\" content=\"2 dakika\" \/>\n<script type=\"application\/ld+json\" class=\"yoast-schema-graph\">{\"@context\":\"https:\/\/schema.org\",\"@graph\":[{\"@type\":\"WebPage\",\"@id\":\"https:\/\/onlinelotto365.com\/tr\/kazanan-numaralar\/kazanan-sayilar\/\",\"url\":\"https:\/\/onlinelotto365.com\/tr\/kazanan-numaralar\/kazanan-sayilar\/\",\"name\":\"Kazand\u0131ran numaralar Eurojackpot | Eurojackpot i\u00e7in \u00e7ekili\u015f sonu\u00e7lar\u0131n\u0131 ve kazan\u00e7lar\u0131 buradan kontrol edin\",\"isPartOf\":{\"@id\":\"https:\/\/onlinelotto365.com\/tr\/#website\"},\"primaryImageOfPage\":{\"@id\":\"https:\/\/onlinelotto365.com\/tr\/kazanan-numaralar\/kazanan-sayilar\/#primaryimage\"},\"image\":{\"@id\":\"https:\/\/onlinelotto365.com\/tr\/kazanan-numaralar\/kazanan-sayilar\/#primaryimage\"},\"thumbnailUrl\":\"https:\/\/redfoxlotto.com\/image?size=8&amp;lottery=eurojackpot\",\"datePublished\":\"2022-11-25T13:59:50+00:00\",\"dateModified\":\"2022-11-25T13:59:50+00:00\",\"description\":\"Eurojackpot sonu\u00e7lar\u0131n\u0131 ve kazanan numaralar\u0131, ayr\u0131ca ge\u00e7mi\u015f \u00e7ekili\u015fler i\u00e7in bir ar\u015fiv yay\u0131nl\u0131yoruz\",\"breadcrumb\":{\"@id\":\"https:\/\/onlinelotto365.com\/tr\/kazanan-numaralar\/kazanan-sayilar\/#breadcrumb\"},\"inLanguage\":\"tr\",\"potentialAction\":[{\"@type\":\"ReadAction\",\"target\":[\"https:\/\/onlinelotto365.com\/tr\/kazanan-numaralar\/kazanan-sayilar\/\"]}]},{\"@type\":\"ImageObject\",\"inLanguage\":\"tr\",\"@id\":\"https:\/\/onlinelotto365.com\/tr\/kazanan-numaralar\/kazanan-sayilar\/#primaryimage\",\"url\":\"https:\/\/redfoxlotto.com\/image?size=8&amp;lottery=eurojackpot\",\"contentUrl\":\"https:\/\/redfoxlotto.com\/image?size=8&amp;lottery=eurojackpot\"},{\"@type\":\"BreadcrumbList\",\"@id\":\"https:\/\/onlinelotto365.com\/tr\/kazanan-numaralar\/kazanan-sayilar\/#breadcrumb\",\"itemListElement\":[{\"@type\":\"ListItem\",\"position\":1,\"name\":\"Home\",\"item\":\"https:\/\/onlinelotto365.com\/tr\/\"},{\"@type\":\"ListItem\",\"position\":2,\"name\":\"T\u00fcm piyangolari kazanan sayilar\",\"item\":\"https:\/\/onlinelotto365.com\/tr\/kazanan-numaralar\/\"},{\"@type\":\"ListItem\",\"position\":3,\"name\":\"Eurojackpot kazanan numaralar\u0131 buradan kontrol edin\"}]},{\"@type\":\"WebSite\",\"@id\":\"https:\/\/onlinelotto365.com\/tr\/#website\",\"url\":\"https:\/\/onlinelotto365.com\/tr\/\",\"name\":\"OnlineLotto365\",\"description\":\"\",\"potentialAction\":[{\"@type\":\"SearchAction\",\"target\":{\"@type\":\"EntryPoint\",\"urlTemplate\":\"https:\/\/onlinelotto365.com\/tr\/?s={search_term_string}\"},\"query-input\":{\"@type\":\"PropertyValueSpecification\",\"valueRequired\":true,\"valueName\":\"search_term_string\"}}],\"inLanguage\":\"tr\"}]}<\/script>\n<!-- \/ Yoast SEO plugin. -->","yoast_head_json":{"title":"Kazand\u0131ran numaralar Eurojackpot | Eurojackpot i\u00e7in \u00e7ekili\u015f sonu\u00e7lar\u0131n\u0131 ve kazan\u00e7lar\u0131 buradan kontrol edin","description":"Eurojackpot sonu\u00e7lar\u0131n\u0131 ve kazanan numaralar\u0131, ayr\u0131ca ge\u00e7mi\u015f \u00e7ekili\u015fler i\u00e7in bir ar\u015fiv yay\u0131nl\u0131yoruz","robots":{"index":"index","follow":"follow","max-snippet":"max-snippet:-1","max-image-preview":"max-image-preview:large","max-video-preview":"max-video-preview:-1"},"canonical":"https:\/\/onlinelotto365.com\/tr\/kazanan-numaralar\/kazanan-sayilar\/","og_locale":"tr_TR","og_type":"article","og_title":"Kazand\u0131ran numaralar Eurojackpot | Eurojackpot i\u00e7in \u00e7ekili\u015f sonu\u00e7lar\u0131n\u0131 ve kazan\u00e7lar\u0131 buradan kontrol edin","og_description":"Eurojackpot sonu\u00e7lar\u0131n\u0131 ve kazanan numaralar\u0131, ayr\u0131ca ge\u00e7mi\u015f \u00e7ekili\u015fler i\u00e7in bir ar\u015fiv yay\u0131nl\u0131yoruz","og_url":"https:\/\/onlinelotto365.com\/tr\/kazanan-numaralar\/kazanan-sayilar\/","og_site_name":"OnlineLotto365","og_image":[{"url":"https:\/\/redfoxlotto.com\/image?size=8&amp;lottery=eurojackpot"}],"twitter_card":"summary_large_image","twitter_misc":{"Tahmini okuma s\u00fcresi":"2 dakika"},"schema":{"@context":"https:\/\/schema.org","@graph":[{"@type":"WebPage","@id":"https:\/\/onlinelotto365.com\/tr\/kazanan-numaralar\/kazanan-sayilar\/","url":"https:\/\/onlinelotto365.com\/tr\/kazanan-numaralar\/kazanan-sayilar\/","name":"Kazand\u0131ran numaralar Eurojackpot | Eurojackpot i\u00e7in \u00e7ekili\u015f sonu\u00e7lar\u0131n\u0131 ve kazan\u00e7lar\u0131 buradan kontrol edin","isPartOf":{"@id":"https:\/\/onlinelotto365.com\/tr\/#website"},"primaryImageOfPage":{"@id":"https:\/\/onlinelotto365.com\/tr\/kazanan-numaralar\/kazanan-sayilar\/#primaryimage"},"image":{"@id":"https:\/\/onlinelotto365.com\/tr\/kazanan-numaralar\/kazanan-sayilar\/#primaryimage"},"thumbnailUrl":"https:\/\/redfoxlotto.com\/image?size=8&amp;lottery=eurojackpot","datePublished":"2022-11-25T13:59:50+00:00","dateModified":"2022-11-25T13:59:50+00:00","description":"Eurojackpot sonu\u00e7lar\u0131n\u0131 ve kazanan numaralar\u0131, ayr\u0131ca ge\u00e7mi\u015f \u00e7ekili\u015fler i\u00e7in bir ar\u015fiv yay\u0131nl\u0131yoruz","breadcrumb":{"@id":"https:\/\/onlinelotto365.com\/tr\/kazanan-numaralar\/kazanan-sayilar\/#breadcrumb"},"inLanguage":"tr","potentialAction":[{"@type":"ReadAction","target":["https:\/\/onlinelotto365.com\/tr\/kazanan-numaralar\/kazanan-sayilar\/"]}]},{"@type":"ImageObject","inLanguage":"tr","@id":"https:\/\/onlinelotto365.com\/tr\/kazanan-numaralar\/kazanan-sayilar\/#primaryimage","url":"https:\/\/redfoxlotto.com\/image?size=8&amp;lottery=eurojackpot","contentUrl":"https:\/\/redfoxlotto.com\/image?size=8&amp;lottery=eurojackpot"},{"@type":"BreadcrumbList","@id":"https:\/\/onlinelotto365.com\/tr\/kazanan-numaralar\/kazanan-sayilar\/#breadcrumb","itemListElement":[{"@type":"ListItem","position":1,"name":"Home","item":"https:\/\/onlinelotto365.com\/tr\/"},{"@type":"ListItem","position":2,"name":"T\u00fcm piyangolari kazanan sayilar","item":"https:\/\/onlinelotto365.com\/tr\/kazanan-numaralar\/"},{"@type":"ListItem","position":3,"name":"Eurojackpot kazanan numaralar\u0131 buradan kontrol edin"}]},{"@type":"WebSite","@id":"https:\/\/onlinelotto365.com\/tr\/#website","url":"https:\/\/onlinelotto365.com\/tr\/","name":"OnlineLotto365","description":"","potentialAction":[{"@type":"SearchAction","target":{"@type":"EntryPoint","urlTemplate":"https:\/\/onlinelotto365.com\/tr\/?s={search_term_string}"},"query-input":{"@type":"PropertyValueSpecification","valueRequired":true,"valueName":"search_term_string"}}],"inLanguage":"tr"}]}},"_links":{"self":[{"href":"https:\/\/onlinelotto365.com\/tr\/wp-json\/wp\/v2\/pages\/81181","targetHints":{"allow":["GET"]}}],"collection":[{"href":"https:\/\/onlinelotto365.com\/tr\/wp-json\/wp\/v2\/pages"}],"about":[{"href":"https:\/\/onlinelotto365.com\/tr\/wp-json\/wp\/v2\/types\/page"}],"author":[{"embeddable":true,"href":"https:\/\/onlinelotto365.com\/tr\/wp-json\/wp\/v2\/users\/1"}],"replies":[{"embeddable":true,"href":"https:\/\/onlinelotto365.com\/tr\/wp-json\/wp\/v2\/comments?post=81181"}],"version-history":[{"count":0,"href":"https:\/\/onlinelotto365.com\/tr\/wp-json\/wp\/v2\/pages\/81181\/revisions"}],"up":[{"embeddable":true,"href":"https:\/\/onlinelotto365.com\/tr\/wp-json\/wp\/v2\/pages\/5871"}],"wp:attachment":[{"href":"https:\/\/onlinelotto365.com\/tr\/wp-json\/wp\/v2\/media?parent=81181"}],"curies":[{"name":"wp","href":"https:\/\/api.w.org\/{rel}","templated":true}]}}