{"id":84456,"date":"2023-10-03T13:19:16","date_gmt":"2023-10-03T12:19:16","guid":{"rendered":"https:\/\/onlinelotto365.com\/sss"},"modified":"2023-10-03T13:19:16","modified_gmt":"2023-10-03T12:19:16","slug":"sss","status":"publish","type":"page","link":"https:\/\/onlinelotto365.com\/tr\/sss\/","title":{"rendered":"SSS"},"content":{"rendered":"<h1>\u00c7evrimi\u00e7i Piyango SSS<\/h1>\n<p>Burada online piyango hizmetinin nas\u0131l \u00e7al\u0131\u015ft\u0131\u011f\u0131na dair en s\u0131k sorulan sorular\u0131n cevaplar\u0131n\u0131 bulabilirsiniz.<\/p>\n<p>Biletlerimi nas\u0131l alabilirim?<\/p>\n<p>Ard\u0131ndan, sahadaki temsilcilerimizden biri bileti sizin ad\u0131n\u0131za ve sizin ad\u0131n\u0131za sat\u0131n al\u0131r. Daha sonra bilet taran\u0131r ve m\u00fc\u015fteri hesab\u0131n\u0131za y\u00fcklenir. Kazand\u0131\u011f\u0131n\u0131zda size bir e-posta g\u00f6nderece\u011fiz ve hizmetimiz kazanc\u0131n\u0131z\u0131 size ula\u015ft\u0131rmay\u0131 da i\u00e7eriyor (ayr\u0131nt\u0131lar i\u00e7in a\u015fa\u011f\u0131ya bak\u0131n). siz de kazan\u0131rs\u0131n\u0131z.<\/p>\n<p>Bizim arac\u0131l\u0131\u011f\u0131m\u0131zla \u00e7evrimi\u00e7i uluslararas\u0131 piyango oynaman\u0131n avantajlar\u0131 nelerdir?<\/p>\n<ul>\n<li>bir\u00e7ok piyango aras\u0131ndan se\u00e7im yapabilirsiniz ve her zaman bekleyen b\u00fcy\u00fck bir ikramiye vard\u0131r<\/li>\n<li>ger\u00e7ek bir bilet al\u0131rs\u0131n<\/li>\n<li>nerede olursan\u0131z olun oynayabilirsiniz<\/li>\n<li>rahat\u00e7a \u00e7evrimi\u00e7i \u00f6deme yapabilirsiniz, kredi kart\u0131 da dahil olmak \u00fczere bir dizi se\u00e7ene\u011fimiz var<\/li>\n<li>2500\u20ac&#8217;ya kadar olan k\u00fc\u00e7\u00fck kazan\u00e7lar\u0131n\u0131z derhal oyuncu hesab\u0131n\u0131za yat\u0131r\u0131lacakt\u0131r<\/li>\n<li>2500\u20ac&#8217;dan y\u00fcksek kazan\u00e7lar i\u00e7in, \u00f6demenizi do\u011frudan piyangodan \u00fccretsiz olarak ger\u00e7ekle\u015ftirece\u011fiz<\/li>\n<\/ul>\n<p>Piyangolar\u0131 kimler oynayabilir?<\/p>\n<p>Herkes oynayabilir &#8211; ancak piyango oynamak i\u00e7in 18 ya\u015f\u0131ndan b\u00fcy\u00fck olman\u0131z gerekir.<\/p>\n<p>Yabanc\u0131 bir \u00fclkeden piyango oynayabilir miyim?<\/p>\n<p>Evet, oynayabilirsiniz. Hangi \u00fclkede ya\u015f\u0131yor olursan\u0131z olun, web sitemizde g\u00f6sterilen t\u00fcm piyangolara kat\u0131labilirsiniz.<\/p>\n<p>Loto numaralar\u0131ma kendim karar verebilir miyim?<\/p>\n<p>Evet. Numaralar\u0131 manuel olarak se\u00e7ebilir veya &#8220;H\u0131zl\u0131 Se\u00e7im&#8221; i\u015flevini kullanabilir ve numaralar\u0131 rastgele olu\u015fturabilirsiniz.<\/p>\n<p>Piyango biletimi nas\u0131l alaca\u011f\u0131m?<\/p>\n<p>Ba\u015far\u0131l\u0131 bir \u00f6demeden sonra, sat\u0131n alma onay\u0131n\u0131 i\u00e7eren bir e-posta al\u0131rs\u0131n\u0131z. Se\u00e7ti\u011finiz numaralar hesab\u0131n\u0131zda g\u00f6r\u00fcn\u00fcr olacakt\u0131r. A\u00e7\u0131k\u00e7as\u0131, sat\u0131n alma ve tarama i\u015flemi biraz zaman al\u0131r, ancak 2 veya 3 saat sonra, hesab\u0131n\u0131za giri\u015f yapt\u0131ktan sonra taranm\u0131\u015f bileti bulabileceksiniz.<\/p>\n<p>Loto biletlerim i\u00e7in nas\u0131l \u00f6deme yapabilirim?<\/p>\n<p>Sizin i\u00e7in kredi kart\u0131yla \u00f6deme, an\u0131nda banka havalesi, \u00e7e\u015fitli kripto para birimleri ve daha fazlas\u0131 dahil olmak \u00fczere \u00e7e\u015fitli \u00f6deme se\u00e7eneklerimiz var.<br \/>\nAyr\u0131ca \u00f6nce oyuncu hesab\u0131n\u0131za para yat\u0131rabilir ve ard\u0131ndan yeni bakiyenizi istedi\u011finiz zaman bilet sat\u0131n almak i\u00e7in kullanabilirsiniz. Bir bakiyeye sahip olmak \u00f6deme s\u00fcrecini \u00e7ok daha h\u0131zl\u0131 hale getirir!<\/p>\n<p>Kazan\u0131rsam komisyon al\u0131yor musunuz?<\/p>\n<p>Hay\u0131r, alm\u0131yoruz. T\u00fcm kazanc\u0131n\u0131z, baz\u0131 durumlarda banka havalesi \u00fccretleri d\u0131\u015f\u0131nda herhangi bir \u00fccret talep edilmeden tamamen \u00f6denecektir.<\/p>\n<p>Kazan\u0131p kazanmad\u0131\u011f\u0131m\u0131 nas\u0131l \u00f6\u011frenebilirim?<\/p>\n<p>\u00d6ncelikle size kazand\u0131\u011f\u0131n\u0131z\u0131 bildiren bir e-posta g\u00f6nderece\u011fiz. Ayr\u0131ca, her zaman hesab\u0131n\u0131za giri\u015f yapabilir ve &#8220;Biletlerim&#8221; b\u00f6l\u00fcm\u00fcn\u00fc kontrol edebilir ve biletlerinizin durumunu buradan kontrol edebilirsiniz. T\u00fcm piyangolar\u0131n kazanan numaralar\u0131 ile ilgili g\u00fcncellemeleri web sitemizde bulabilirsiniz.<\/p>\n<p>Kazan\u0131rsam nas\u0131l \u00f6deme al\u0131r\u0131m?<\/p>\n<p>2500\u20ac&#8217;ya kadar bir \u00f6d\u00fcl kazan\u0131rsan\u0131z, bu \u00f6d\u00fcl an\u0131nda oyuncu hesab\u0131n\u0131za yat\u0131r\u0131lacakt\u0131r. Daha y\u00fcksek kazan\u00e7lar i\u00e7in size bir talep formu e-posta ile g\u00f6nderece\u011fiz. Kendinizi tan\u0131tman\u0131z ve nas\u0131l \u00f6deme almak istedi\u011finiz gibi baz\u0131 temel bilgileri vermeniz gerekir. Daha sonra talebinizi piyango \u015firketine sunar\u0131z. Piyango \u015firketi daha sonra size do\u011frudan \u00f6deme yapacakt\u0131r.<br \/>\nBunu tercih ederseniz, biletinizi acentelerimizin ofislerinden birinden de alabilir ve daha sonra piyangoya \u015fahsen sunabilirsiniz.<\/p>\n<p>Hizmetiniz ger\u00e7ekten yasal m\u0131?<\/p>\n<p>Evet, kesinlikle yasal. Bu, piyango \u00fclkesinde tatilde olmak ve kendiniz bir bilet sat\u0131n almak gibidir. Bu bilet kazan\u0131rsa, kazan\u00e7 \u00fczerinde herkesle ayn\u0131 hakka sahip olursunuz.<\/p>\n<p>Benim ad\u0131ma bir piyango bileti sat\u0131n al\u0131nd\u0131\u011f\u0131n\u0131 nas\u0131l anlar\u0131m?<\/p>\n<p>Piyango biletiniz i\u00e7in \u00f6deme yapt\u0131ktan sonra, \u00f6nce bir \u00f6deme onay\u0131 alacaks\u0131n\u0131z. Bir s\u00fcre sonra, web sitemizdeki m\u00fc\u015fteri alan\u0131nda bilet taraman\u0131z\u0131 g\u00f6rebileceksiniz.<\/p>\n","protected":false},"excerpt":{"rendered":"<p>\u00c7evrimi\u00e7i Piyango SSS Burada online piyango hizmetinin nas\u0131l \u00e7al\u0131\u015ft\u0131\u011f\u0131na dair en s\u0131k sorulan sorular\u0131n cevaplar\u0131n\u0131 bulabilirsiniz. Biletlerimi nas\u0131l alabilirim? Ard\u0131ndan, sahadaki temsilcilerimizden biri bileti sizin ad\u0131n\u0131za ve sizin ad\u0131n\u0131za sat\u0131n al\u0131r. Daha sonra bilet taran\u0131r ve m\u00fc\u015fteri hesab\u0131n\u0131za y\u00fcklenir. Kazand\u0131\u011f\u0131n\u0131zda size bir e-posta g\u00f6nderece\u011fiz ve hizmetimiz kazanc\u0131n\u0131z\u0131 size ula\u015ft\u0131rmay\u0131 da i\u00e7eriyor (ayr\u0131nt\u0131lar i\u00e7in a\u015fa\u011f\u0131ya bak\u0131n). [&hellip;]<\/p>\n","protected":false},"author":1,"featured_media":0,"parent":0,"menu_order":50,"comment_status":"closed","ping_status":"closed","template":"","meta":{"_et_pb_use_builder":"","_et_pb_old_content":"","_et_gb_content_width":"","exclude_from_search":false,"footnotes":""},"class_list":["post-84456","page","type-page","status-publish","hentry"],"yoast_head":"<!-- This site is optimized with the Yoast SEO plugin v23.4 - https:\/\/yoast.com\/wordpress\/plugins\/seo\/ -->\n<title>Online piyango hizmetimiz hakk\u0131nda en s\u0131k sorulan sorular\u0131n yan\u0131tlar\u0131<\/title>\n<meta name=\"description\" content=\"\u00c7evrimi\u00e7i piyango bileti kurye hizmetimizin nas\u0131l \u00e7al\u0131\u015ft\u0131\u011f\u0131 hakk\u0131nda daha fazla bilgi edinmek ister misiniz? En s\u0131k sorulan sorular\u0131n cevaplar\u0131n\u0131 burada bulabilirsiniz\" \/>\n<meta name=\"robots\" content=\"index, follow, max-snippet:-1, max-image-preview:large, max-video-preview:-1\" \/>\n<link rel=\"canonical\" href=\"https:\/\/onlinelotto365.com\/tr\/sss\/\" \/>\n<meta property=\"og:locale\" content=\"tr_TR\" \/>\n<meta property=\"og:type\" content=\"article\" \/>\n<meta property=\"og:title\" content=\"Online piyango hizmetimiz hakk\u0131nda en s\u0131k sorulan sorular\u0131n yan\u0131tlar\u0131\" \/>\n<meta property=\"og:description\" content=\"\u00c7evrimi\u00e7i piyango bileti kurye hizmetimizin nas\u0131l \u00e7al\u0131\u015ft\u0131\u011f\u0131 hakk\u0131nda daha fazla bilgi edinmek ister misiniz? En s\u0131k sorulan sorular\u0131n cevaplar\u0131n\u0131 burada bulabilirsiniz\" \/>\n<meta property=\"og:url\" content=\"https:\/\/onlinelotto365.com\/tr\/sss\/\" \/>\n<meta property=\"og:site_name\" content=\"OnlineLotto365\" \/>\n<meta name=\"twitter:card\" content=\"summary_large_image\" \/>\n<meta name=\"twitter:label1\" content=\"Tahmini okuma s\u00fcresi\" \/>\n\t<meta name=\"twitter:data1\" content=\"3 dakika\" \/>\n<script type=\"application\/ld+json\" class=\"yoast-schema-graph\">{\"@context\":\"https:\/\/schema.org\",\"@graph\":[{\"@type\":\"WebPage\",\"@id\":\"https:\/\/onlinelotto365.com\/tr\/sss\/\",\"url\":\"https:\/\/onlinelotto365.com\/tr\/sss\/\",\"name\":\"Online piyango hizmetimiz hakk\u0131nda en s\u0131k sorulan sorular\u0131n yan\u0131tlar\u0131\",\"isPartOf\":{\"@id\":\"https:\/\/onlinelotto365.com\/tr\/#website\"},\"datePublished\":\"2023-10-03T12:19:16+00:00\",\"dateModified\":\"2023-10-03T12:19:16+00:00\",\"description\":\"\u00c7evrimi\u00e7i piyango bileti kurye hizmetimizin nas\u0131l \u00e7al\u0131\u015ft\u0131\u011f\u0131 hakk\u0131nda daha fazla bilgi edinmek ister misiniz? En s\u0131k sorulan sorular\u0131n cevaplar\u0131n\u0131 burada bulabilirsiniz\",\"breadcrumb\":{\"@id\":\"https:\/\/onlinelotto365.com\/tr\/sss\/#breadcrumb\"},\"inLanguage\":\"tr\",\"potentialAction\":[{\"@type\":\"ReadAction\",\"target\":[\"https:\/\/onlinelotto365.com\/tr\/sss\/\"]}]},{\"@type\":\"BreadcrumbList\",\"@id\":\"https:\/\/onlinelotto365.com\/tr\/sss\/#breadcrumb\",\"itemListElement\":[{\"@type\":\"ListItem\",\"position\":1,\"name\":\"Home\",\"item\":\"https:\/\/onlinelotto365.com\/tr\/\"},{\"@type\":\"ListItem\",\"position\":2,\"name\":\"SSS\"}]},{\"@type\":\"WebSite\",\"@id\":\"https:\/\/onlinelotto365.com\/tr\/#website\",\"url\":\"https:\/\/onlinelotto365.com\/tr\/\",\"name\":\"OnlineLotto365\",\"description\":\"\",\"potentialAction\":[{\"@type\":\"SearchAction\",\"target\":{\"@type\":\"EntryPoint\",\"urlTemplate\":\"https:\/\/onlinelotto365.com\/tr\/?s={search_term_string}\"},\"query-input\":{\"@type\":\"PropertyValueSpecification\",\"valueRequired\":true,\"valueName\":\"search_term_string\"}}],\"inLanguage\":\"tr\"}]}<\/script>\n<!-- \/ Yoast SEO plugin. -->","yoast_head_json":{"title":"Online piyango hizmetimiz hakk\u0131nda en s\u0131k sorulan sorular\u0131n yan\u0131tlar\u0131","description":"\u00c7evrimi\u00e7i piyango bileti kurye hizmetimizin nas\u0131l \u00e7al\u0131\u015ft\u0131\u011f\u0131 hakk\u0131nda daha fazla bilgi edinmek ister misiniz? En s\u0131k sorulan sorular\u0131n cevaplar\u0131n\u0131 burada bulabilirsiniz","robots":{"index":"index","follow":"follow","max-snippet":"max-snippet:-1","max-image-preview":"max-image-preview:large","max-video-preview":"max-video-preview:-1"},"canonical":"https:\/\/onlinelotto365.com\/tr\/sss\/","og_locale":"tr_TR","og_type":"article","og_title":"Online piyango hizmetimiz hakk\u0131nda en s\u0131k sorulan sorular\u0131n yan\u0131tlar\u0131","og_description":"\u00c7evrimi\u00e7i piyango bileti kurye hizmetimizin nas\u0131l \u00e7al\u0131\u015ft\u0131\u011f\u0131 hakk\u0131nda daha fazla bilgi edinmek ister misiniz? En s\u0131k sorulan sorular\u0131n cevaplar\u0131n\u0131 burada bulabilirsiniz","og_url":"https:\/\/onlinelotto365.com\/tr\/sss\/","og_site_name":"OnlineLotto365","twitter_card":"summary_large_image","twitter_misc":{"Tahmini okuma s\u00fcresi":"3 dakika"},"schema":{"@context":"https:\/\/schema.org","@graph":[{"@type":"WebPage","@id":"https:\/\/onlinelotto365.com\/tr\/sss\/","url":"https:\/\/onlinelotto365.com\/tr\/sss\/","name":"Online piyango hizmetimiz hakk\u0131nda en s\u0131k sorulan sorular\u0131n yan\u0131tlar\u0131","isPartOf":{"@id":"https:\/\/onlinelotto365.com\/tr\/#website"},"datePublished":"2023-10-03T12:19:16+00:00","dateModified":"2023-10-03T12:19:16+00:00","description":"\u00c7evrimi\u00e7i piyango bileti kurye hizmetimizin nas\u0131l \u00e7al\u0131\u015ft\u0131\u011f\u0131 hakk\u0131nda daha fazla bilgi edinmek ister misiniz? En s\u0131k sorulan sorular\u0131n cevaplar\u0131n\u0131 burada bulabilirsiniz","breadcrumb":{"@id":"https:\/\/onlinelotto365.com\/tr\/sss\/#breadcrumb"},"inLanguage":"tr","potentialAction":[{"@type":"ReadAction","target":["https:\/\/onlinelotto365.com\/tr\/sss\/"]}]},{"@type":"BreadcrumbList","@id":"https:\/\/onlinelotto365.com\/tr\/sss\/#breadcrumb","itemListElement":[{"@type":"ListItem","position":1,"name":"Home","item":"https:\/\/onlinelotto365.com\/tr\/"},{"@type":"ListItem","position":2,"name":"SSS"}]},{"@type":"WebSite","@id":"https:\/\/onlinelotto365.com\/tr\/#website","url":"https:\/\/onlinelotto365.com\/tr\/","name":"OnlineLotto365","description":"","potentialAction":[{"@type":"SearchAction","target":{"@type":"EntryPoint","urlTemplate":"https:\/\/onlinelotto365.com\/tr\/?s={search_term_string}"},"query-input":{"@type":"PropertyValueSpecification","valueRequired":true,"valueName":"search_term_string"}}],"inLanguage":"tr"}]}},"_links":{"self":[{"href":"https:\/\/onlinelotto365.com\/tr\/wp-json\/wp\/v2\/pages\/84456","targetHints":{"allow":["GET"]}}],"collection":[{"href":"https:\/\/onlinelotto365.com\/tr\/wp-json\/wp\/v2\/pages"}],"about":[{"href":"https:\/\/onlinelotto365.com\/tr\/wp-json\/wp\/v2\/types\/page"}],"author":[{"embeddable":true,"href":"https:\/\/onlinelotto365.com\/tr\/wp-json\/wp\/v2\/users\/1"}],"replies":[{"embeddable":true,"href":"https:\/\/onlinelotto365.com\/tr\/wp-json\/wp\/v2\/comments?post=84456"}],"version-history":[{"count":0,"href":"https:\/\/onlinelotto365.com\/tr\/wp-json\/wp\/v2\/pages\/84456\/revisions"}],"wp:attachment":[{"href":"https:\/\/onlinelotto365.com\/tr\/wp-json\/wp\/v2\/media?parent=84456"}],"curies":[{"name":"wp","href":"https:\/\/api.w.org\/{rel}","templated":true}]}}